{"id":92,"date":"2014-10-08T22:13:47","date_gmt":"2014-10-08T22:13:47","guid":{"rendered":"http:\/\/xadrezfigueira.mfbpro.com\/?page_id=92"},"modified":"2025-10-17T10:06:41","modified_gmt":"2025-10-17T10:06:41","slug":"inscricoes","status":"publish","type":"page","link":"https:\/\/xadrezfigueira.mfbpro.com\/?page_id=92","title":{"rendered":"Inscri\u00e7\u00f5es"},"content":{"rendered":"<div style=\"background-color: #ffecec; border: 1px solid #ff9999; padding: 15px; border-radius: 8px; margin-bottom: 20px; text-align: center;\">\n  <strong style=\"color: #cc0000; font-size: 18px;\">Limite m\u00e1ximo de inscri\u00e7\u00f5es atingido<\/strong><br \/>\nAs inscri\u00e7\u00f5es para a edi\u00e7\u00e3o deste ano encontram-se encerradas. Agradecemos o enorme interesse e esperamos contar convosco na pr\u00f3xima edi\u00e7\u00e3o do Festival.<\/div>\n\n<div class=\"wpcf7 no-js\" id=\"wpcf7-f1418-o1\" lang=\"en-US\" dir=\"ltr\">\n<div class=\"screen-reader-response\"><p role=\"status\" aria-live=\"polite\" aria-atomic=\"true\"><\/p> <ul><\/ul><\/div>\n<form action=\"\/index.php?rest_route=%2Fwp%2Fv2%2Fpages%2F92#wpcf7-f1418-o1\" method=\"post\" class=\"wpcf7-form init\" aria-label=\"Contact form\" novalidate=\"novalidate\" data-status=\"init\">\n<div style=\"display: none;\">\n<input type=\"hidden\" name=\"_wpcf7\" value=\"1418\" \/>\n<input type=\"hidden\" name=\"_wpcf7_version\" value=\"5.9.7\" \/>\n<input type=\"hidden\" name=\"_wpcf7_locale\" value=\"en_US\" \/>\n<input type=\"hidden\" name=\"_wpcf7_unit_tag\" value=\"wpcf7-f1418-o1\" \/>\n<input type=\"hidden\" name=\"_wpcf7_container_post\" value=\"0\" \/>\n<input type=\"hidden\" name=\"_wpcf7_posted_data_hash\" value=\"\" \/>\n<\/div>\n<p>Nome:<br \/>\n<span class=\"wpcf7-form-control-wrap\" data-name=\"your-name\"><input size=\"40\" maxlength=\"400\" class=\"wpcf7-form-control wpcf7-text wpcf7-validates-as-required\" aria-required=\"true\" aria-invalid=\"false\" value=\"\" type=\"text\" name=\"your-name\" \/><\/span>\n<\/p>\n<p>N\u00ba FIDE:<br \/>\n<span class=\"wpcf7-form-control-wrap\" data-name=\"your-fide\"><input size=\"40\" maxlength=\"400\" class=\"wpcf7-form-control wpcf7-text wpcf7-validates-as-required\" aria-required=\"true\" aria-invalid=\"false\" value=\"\" type=\"text\" name=\"your-fide\" \/><\/span>\n<\/p>\n<p>E-mail:<br \/>\n<span class=\"wpcf7-form-control-wrap\" data-name=\"your-email\"><input size=\"40\" maxlength=\"400\" class=\"wpcf7-form-control wpcf7-email wpcf7-validates-as-required wpcf7-text wpcf7-validates-as-email\" aria-required=\"true\" aria-invalid=\"false\" value=\"\" type=\"email\" name=\"your-email\" \/><\/span>\n<\/p>\n<p>Telefone:<br \/>\n<span class=\"wpcf7-form-control-wrap\" data-name=\"your-phone\"><input size=\"40\" maxlength=\"400\" class=\"wpcf7-form-control wpcf7-text\" aria-invalid=\"false\" value=\"\" type=\"text\" name=\"your-phone\" \/><\/span>\n<\/p>\n<p>A sua mensagem:<br \/>\n<span class=\"wpcf7-form-control-wrap\" data-name=\"your-message\"><textarea cols=\"40\" rows=\"10\" maxlength=\"2000\" class=\"wpcf7-form-control wpcf7-textarea\" aria-invalid=\"false\" name=\"your-message\"><\/textarea><\/span>\n<\/p>\n<p><input class=\"wpcf7-form-control wpcf7-submit has-spinner\" type=\"submit\" value=\"Enviar Inscri\u00e7\u00e3o\" \/>\n<\/p><p style=\"display: none !important;\" class=\"akismet-fields-container\" data-prefix=\"_wpcf7_ak_\"><label>&#916;<textarea name=\"_wpcf7_ak_hp_textarea\" cols=\"45\" rows=\"8\" maxlength=\"100\"><\/textarea><\/label><input type=\"hidden\" id=\"ak_js_1\" name=\"_wpcf7_ak_js\" value=\"209\"\/><script>document.getElementById( \"ak_js_1\" ).setAttribute( \"value\", ( new Date() ).getTime() );<\/script><\/p><div class=\"wpcf7-response-output\" aria-hidden=\"true\"><\/div>\n<\/form>\n<\/div>\n\n","protected":false},"excerpt":{"rendered":"<p>Limite m\u00e1ximo de inscri\u00e7\u00f5es atingido As inscri\u00e7\u00f5es para a edi\u00e7\u00e3o deste ano encontram-se encerradas. Agradecemos o enorme interesse e esperamos contar convosco na pr\u00f3xima edi\u00e7\u00e3o do Festival.<\/p>\n","protected":false},"author":1,"featured_media":0,"parent":0,"menu_order":0,"comment_status":"closed","ping_status":"open","template":"","meta":{"footnotes":""},"yoast_head":"<!-- This site is optimized with the Yoast SEO Premium plugin v23.7 (Yoast SEO v23.7) - https:\/\/yoast.com\/wordpress\/plugins\/seo\/ -->\n<title>Inscri\u00e7\u00f5es - Festival de Xadrez da Figueira da Foz - &quot;Tournament is financially supported by FIDE Open Aid Project&quot;<\/title>\n<meta name=\"robots\" content=\"index, follow, max-snippet:-1, max-image-preview:large, max-video-preview:-1\" \/>\n<link rel=\"canonical\" href=\"https:\/\/xadrezfigueira.mfbpro.com\/?page_id=92\" \/>\n<meta property=\"og:locale\" content=\"en_US\" \/>\n<meta property=\"og:type\" content=\"article\" \/>\n<meta property=\"og:title\" content=\"Inscri\u00e7\u00f5es\" \/>\n<meta property=\"og:description\" content=\"Limite m\u00e1ximo de inscri\u00e7\u00f5es atingido As inscri\u00e7\u00f5es para a edi\u00e7\u00e3o deste ano encontram-se encerradas. Agradecemos o enorme interesse e esperamos contar convosco na pr\u00f3xima edi\u00e7\u00e3o do Festival.\" \/>\n<meta property=\"og:url\" content=\"https:\/\/xadrezfigueira.mfbpro.com\/?page_id=92\" \/>\n<meta property=\"og:site_name\" content=\"Festival de Xadrez da Figueira da Foz - &quot;Tournament is financially supported by FIDE Open Aid Project&quot;\" \/>\n<meta property=\"article:publisher\" content=\"https:\/\/www.facebook.com\/miguel.babo.3\" \/>\n<meta property=\"article:modified_time\" content=\"2025-10-17T10:06:41+00:00\" \/>\n<meta name=\"twitter:card\" content=\"summary_large_image\" \/>\n<meta name=\"twitter:label1\" content=\"Est. reading time\" \/>\n\t<meta name=\"twitter:data1\" content=\"1 minute\" \/>\n<script type=\"application\/ld+json\" class=\"yoast-schema-graph\">{\"@context\":\"https:\/\/schema.org\",\"@graph\":[{\"@type\":\"WebPage\",\"@id\":\"https:\/\/xadrezfigueira.mfbpro.com\/?page_id=92\",\"url\":\"https:\/\/xadrezfigueira.mfbpro.com\/?page_id=92\",\"name\":\"Inscri\u00e7\u00f5es - Festival de Xadrez da Figueira da Foz - &quot;Tournament is financially supported by FIDE Open Aid Project&quot;\",\"isPartOf\":{\"@id\":\"https:\/\/xadrezfigueira.mfbpro.com\/#website\"},\"datePublished\":\"2014-10-08T22:13:47+00:00\",\"dateModified\":\"2025-10-17T10:06:41+00:00\",\"breadcrumb\":{\"@id\":\"https:\/\/xadrezfigueira.mfbpro.com\/?page_id=92#breadcrumb\"},\"inLanguage\":\"en\",\"potentialAction\":[{\"@type\":\"ReadAction\",\"target\":[\"https:\/\/xadrezfigueira.mfbpro.com\/?page_id=92\"]}]},{\"@type\":\"BreadcrumbList\",\"@id\":\"https:\/\/xadrezfigueira.mfbpro.com\/?page_id=92#breadcrumb\",\"itemListElement\":[{\"@type\":\"ListItem\",\"position\":1,\"name\":\"Home\",\"item\":\"https:\/\/xadrezfigueira.mfbpro.com\/\"},{\"@type\":\"ListItem\",\"position\":2,\"name\":\"Inscri\u00e7\u00f5es\"}]},{\"@type\":\"WebSite\",\"@id\":\"https:\/\/xadrezfigueira.mfbpro.com\/#website\",\"url\":\"https:\/\/xadrezfigueira.mfbpro.com\/\",\"name\":\"Festival Internacional de Xadrez da Figueira da Fox\",\"description\":\"Site oficial do torneio\",\"publisher\":{\"@id\":\"https:\/\/xadrezfigueira.mfbpro.com\/#organization\"},\"potentialAction\":[{\"@type\":\"SearchAction\",\"target\":{\"@type\":\"EntryPoint\",\"urlTemplate\":\"https:\/\/xadrezfigueira.mfbpro.com\/?s={search_term_string}\"},\"query-input\":{\"@type\":\"PropertyValueSpecification\",\"valueRequired\":true,\"valueName\":\"search_term_string\"}}],\"inLanguage\":\"en\"},{\"@type\":\"Organization\",\"@id\":\"https:\/\/xadrezfigueira.mfbpro.com\/#organization\",\"name\":\"Assembleia Figueirense\",\"url\":\"https:\/\/xadrezfigueira.mfbpro.com\/\",\"logo\":{\"@type\":\"ImageObject\",\"inLanguage\":\"en\",\"@id\":\"https:\/\/xadrezfigueira.mfbpro.com\/#\/schema\/logo\/image\/\",\"url\":\"https:\/\/xadrezfigueira.mfbpro.com\/wp-content\/uploads\/2023\/05\/FIDE-logo-2022-black-with-black-background.png\",\"contentUrl\":\"https:\/\/xadrezfigueira.mfbpro.com\/wp-content\/uploads\/2023\/05\/FIDE-logo-2022-black-with-black-background.png\",\"width\":360,\"height\":360,\"caption\":\"Assembleia Figueirense\"},\"image\":{\"@id\":\"https:\/\/xadrezfigueira.mfbpro.com\/#\/schema\/logo\/image\/\"},\"sameAs\":[\"https:\/\/www.facebook.com\/miguel.babo.3\"]}]}<\/script>\n<!-- \/ Yoast SEO Premium plugin. -->","yoast_head_json":{"title":"Inscri\u00e7\u00f5es - Festival de Xadrez da Figueira da Foz - &quot;Tournament is financially supported by FIDE Open Aid Project&quot;","robots":{"index":"index","follow":"follow","max-snippet":"max-snippet:-1","max-image-preview":"max-image-preview:large","max-video-preview":"max-video-preview:-1"},"canonical":"https:\/\/xadrezfigueira.mfbpro.com\/?page_id=92","og_locale":"en_US","og_type":"article","og_title":"Inscri\u00e7\u00f5es","og_description":"Limite m\u00e1ximo de inscri\u00e7\u00f5es atingido As inscri\u00e7\u00f5es para a edi\u00e7\u00e3o deste ano encontram-se encerradas. Agradecemos o enorme interesse e esperamos contar convosco na pr\u00f3xima edi\u00e7\u00e3o do Festival.","og_url":"https:\/\/xadrezfigueira.mfbpro.com\/?page_id=92","og_site_name":"Festival de Xadrez da Figueira da Foz - &quot;Tournament is financially supported by FIDE Open Aid Project&quot;","article_publisher":"https:\/\/www.facebook.com\/miguel.babo.3","article_modified_time":"2025-10-17T10:06:41+00:00","twitter_card":"summary_large_image","twitter_misc":{"Est. reading time":"1 minute"},"schema":{"@context":"https:\/\/schema.org","@graph":[{"@type":"WebPage","@id":"https:\/\/xadrezfigueira.mfbpro.com\/?page_id=92","url":"https:\/\/xadrezfigueira.mfbpro.com\/?page_id=92","name":"Inscri\u00e7\u00f5es - Festival de Xadrez da Figueira da Foz - &quot;Tournament is financially supported by FIDE Open Aid Project&quot;","isPartOf":{"@id":"https:\/\/xadrezfigueira.mfbpro.com\/#website"},"datePublished":"2014-10-08T22:13:47+00:00","dateModified":"2025-10-17T10:06:41+00:00","breadcrumb":{"@id":"https:\/\/xadrezfigueira.mfbpro.com\/?page_id=92#breadcrumb"},"inLanguage":"en","potentialAction":[{"@type":"ReadAction","target":["https:\/\/xadrezfigueira.mfbpro.com\/?page_id=92"]}]},{"@type":"BreadcrumbList","@id":"https:\/\/xadrezfigueira.mfbpro.com\/?page_id=92#breadcrumb","itemListElement":[{"@type":"ListItem","position":1,"name":"Home","item":"https:\/\/xadrezfigueira.mfbpro.com\/"},{"@type":"ListItem","position":2,"name":"Inscri\u00e7\u00f5es"}]},{"@type":"WebSite","@id":"https:\/\/xadrezfigueira.mfbpro.com\/#website","url":"https:\/\/xadrezfigueira.mfbpro.com\/","name":"Festival Internacional de Xadrez da Figueira da Fox","description":"Site oficial do torneio","publisher":{"@id":"https:\/\/xadrezfigueira.mfbpro.com\/#organization"},"potentialAction":[{"@type":"SearchAction","target":{"@type":"EntryPoint","urlTemplate":"https:\/\/xadrezfigueira.mfbpro.com\/?s={search_term_string}"},"query-input":{"@type":"PropertyValueSpecification","valueRequired":true,"valueName":"search_term_string"}}],"inLanguage":"en"},{"@type":"Organization","@id":"https:\/\/xadrezfigueira.mfbpro.com\/#organization","name":"Assembleia Figueirense","url":"https:\/\/xadrezfigueira.mfbpro.com\/","logo":{"@type":"ImageObject","inLanguage":"en","@id":"https:\/\/xadrezfigueira.mfbpro.com\/#\/schema\/logo\/image\/","url":"https:\/\/xadrezfigueira.mfbpro.com\/wp-content\/uploads\/2023\/05\/FIDE-logo-2022-black-with-black-background.png","contentUrl":"https:\/\/xadrezfigueira.mfbpro.com\/wp-content\/uploads\/2023\/05\/FIDE-logo-2022-black-with-black-background.png","width":360,"height":360,"caption":"Assembleia Figueirense"},"image":{"@id":"https:\/\/xadrezfigueira.mfbpro.com\/#\/schema\/logo\/image\/"},"sameAs":["https:\/\/www.facebook.com\/miguel.babo.3"]}]}},"_links":{"self":[{"href":"https:\/\/xadrezfigueira.mfbpro.com\/index.php?rest_route=\/wp\/v2\/pages\/92"}],"collection":[{"href":"https:\/\/xadrezfigueira.mfbpro.com\/index.php?rest_route=\/wp\/v2\/pages"}],"about":[{"href":"https:\/\/xadrezfigueira.mfbpro.com\/index.php?rest_route=\/wp\/v2\/types\/page"}],"author":[{"embeddable":true,"href":"https:\/\/xadrezfigueira.mfbpro.com\/index.php?rest_route=\/wp\/v2\/users\/1"}],"replies":[{"embeddable":true,"href":"https:\/\/xadrezfigueira.mfbpro.com\/index.php?rest_route=%2Fwp%2Fv2%2Fcomments&post=92"}],"version-history":[{"count":9,"href":"https:\/\/xadrezfigueira.mfbpro.com\/index.php?rest_route=\/wp\/v2\/pages\/92\/revisions"}],"predecessor-version":[{"id":2413,"href":"https:\/\/xadrezfigueira.mfbpro.com\/index.php?rest_route=\/wp\/v2\/pages\/92\/revisions\/2413"}],"wp:attachment":[{"href":"https:\/\/xadrezfigueira.mfbpro.com\/index.php?rest_route=%2Fwp%2Fv2%2Fmedia&parent=92"}],"curies":[{"name":"wp","href":"https:\/\/api.w.org\/{rel}","templated":true}]}}