{"id":794,"date":"2022-11-10T18:36:35","date_gmt":"2022-11-10T18:36:35","guid":{"rendered":"http:\/\/xadrezfigueira.mfbpro.com\/?page_id=794"},"modified":"2025-11-13T19:24:11","modified_gmt":"2025-11-13T19:24:11","slug":"partidas","status":"publish","type":"page","link":"https:\/\/xadrezfigueira.mfbpro.com\/?page_id=794","title":{"rendered":"Partidas"},"content":{"rendered":"\n<p><\/p>\n\n\n\n<p>Click neste link para assistir \u00e0s partidas ao vivo. (delay 30 min). In\u00edcio da transmiss\u00e3o da ronda 4 \u00e0s 19h30min.<\/p>\n\n\n\n<p>Ronda 1<\/p>\n\n\n\n<p><a href=\"https:\/\/lichess.org\/broadcast\/xix-festival-internacional-figueira-da-foz\/round-1\/QRJpfbKO#boards\">https:\/\/lichess.org\/broadcast\/xix-festival-internacional-figueira-da-foz\/round-1\/QRJpfbKO#boards<\/a><\/p>\n\n\n\n<p>Ronda 2<\/p>\n\n\n\n<p><a href=\"https:\/\/lichess.org\/broadcast\/xix-festival-internacional-figueira-da-foz\/round-2\/GQNXoWyX#boards\">https:\/\/lichess.org\/broadcast\/xix-festival-internacional-figueira-da-foz\/round-2\/GQNXoWyX#boards<\/a><\/p>\n\n\n\n<p>Ronda 3<\/p>\n\n\n\n<p><a href=\"https:\/\/lichess.org\/broadcast\/xix-festival-internacional-figueira-da-foz\/round-3\/gRGpK7kL#boards\">https:\/\/lichess.org\/broadcast\/xix-festival-internacional-figueira-da-foz\/round-3\/gRGpK7kL#boards<\/a><\/p>\n\n\n\n<p>Ronda 4<\/p>\n\n\n\n<p><a href=\"https:\/\/lichess.org\/broadcast\/xix-festival-internacional-figueira-da-foz\/round-4\/WKemqtOZ#boards\">https:\/\/lichess.org\/broadcast\/xix-festival-internacional-figueira-da-foz\/round-4\/WKemqtOZ#boards<\/a><\/p>\n\n\n\n<p>Ronda 5<\/p>\n\n\n\n<p><a href=\"https:\/\/lichess.org\/broadcast\/xix-festival-internacional-figueira-da-foz\/round-5\/5Xhv4LSV#boards\">https:\/\/lichess.org\/broadcast\/xix-festival-internacional-figueira-da-foz\/round-5\/5Xhv4LSV#boards<\/a><\/p>\n\n\n\n<p>Ronda 6<\/p>\n\n\n\n<p><a href=\"https:\/\/lichess.org\/broadcast\/xix-festival-internacional-figueira-da-foz\/round-6\/3fhzal3V#boards\">https:\/\/lichess.org\/broadcast\/xix-festival-internacional-figueira-da-foz\/round-6\/3fhzal3V#boards<\/a><\/p>\n\n\n\n<figure class=\"wp-block-embed\"><div class=\"wp-block-embed__wrapper\">\nhttps:\/\/lichess.org\/broadcast\/xix-festival-internacional-figueira-da-foz\/round-6\/3fhzal3V#boards\n<\/div><\/figure>\n","protected":false},"excerpt":{"rendered":"<p>Click neste link para assistir \u00e0s partidas ao vivo. (delay 30 min). In\u00edcio da transmiss\u00e3o da ronda 4 \u00e0s 19h30min. Ronda 1 https:\/\/lichess.org\/broadcast\/xix-festival-internacional-figueira-da-foz\/round-1\/QRJpfbKO#boards Ronda 2 https:\/\/lichess.org\/broadcast\/xix-festival-internacional-figueira-da-foz\/round-2\/GQNXoWyX#boards Ronda 3 https:\/\/lichess.org\/broadcast\/xix-festival-internacional-figueira-da-foz\/round-3\/gRGpK7kL#boards Ronda 4 https:\/\/lichess.org\/broadcast\/xix-festival-internacional-figueira-da-foz\/round-4\/WKemqtOZ#boards Ronda 5 https:\/\/lichess.org\/broadcast\/xix-festival-internacional-figueira-da-foz\/round-5\/5Xhv4LSV#boards Ronda 6 https:\/\/lichess.org\/broadcast\/xix-festival-internacional-figueira-da-foz\/round-6\/3fhzal3V#boards<\/p>\n","protected":false},"author":1,"featured_media":0,"parent":0,"menu_order":0,"comment_status":"closed","ping_status":"closed","template":"","meta":{"footnotes":""},"yoast_head":"<!-- This site is optimized with the Yoast SEO Premium plugin v23.7 (Yoast SEO v23.7) - https:\/\/yoast.com\/wordpress\/plugins\/seo\/ -->\n<title>Partidas - Festival de Xadrez da Figueira da Foz - &quot;Tournament is financially supported by FIDE Open Aid Project&quot;<\/title>\n<meta name=\"robots\" content=\"index, follow, max-snippet:-1, max-image-preview:large, max-video-preview:-1\" \/>\n<link rel=\"canonical\" href=\"https:\/\/xadrezfigueira.mfbpro.com\/?page_id=794\" \/>\n<meta property=\"og:locale\" content=\"en_US\" \/>\n<meta property=\"og:type\" content=\"article\" \/>\n<meta property=\"og:title\" content=\"Partidas\" \/>\n<meta property=\"og:description\" content=\"Click neste link para assistir \u00e0s partidas ao vivo. (delay 30 min). In\u00edcio da transmiss\u00e3o da ronda 4 \u00e0s 19h30min. Ronda 1 https:\/\/lichess.org\/broadcast\/xix-festival-internacional-figueira-da-foz\/round-1\/QRJpfbKO#boards Ronda 2 https:\/\/lichess.org\/broadcast\/xix-festival-internacional-figueira-da-foz\/round-2\/GQNXoWyX#boards Ronda 3 https:\/\/lichess.org\/broadcast\/xix-festival-internacional-figueira-da-foz\/round-3\/gRGpK7kL#boards Ronda 4 https:\/\/lichess.org\/broadcast\/xix-festival-internacional-figueira-da-foz\/round-4\/WKemqtOZ#boards Ronda 5 https:\/\/lichess.org\/broadcast\/xix-festival-internacional-figueira-da-foz\/round-5\/5Xhv4LSV#boards Ronda 6 https:\/\/lichess.org\/broadcast\/xix-festival-internacional-figueira-da-foz\/round-6\/3fhzal3V#boards\" \/>\n<meta property=\"og:url\" content=\"https:\/\/xadrezfigueira.mfbpro.com\/?page_id=794\" \/>\n<meta property=\"og:site_name\" content=\"Festival de Xadrez da Figueira da Foz - &quot;Tournament is financially supported by FIDE Open Aid Project&quot;\" \/>\n<meta property=\"article:publisher\" content=\"https:\/\/www.facebook.com\/miguel.babo.3\" \/>\n<meta property=\"article:modified_time\" content=\"2025-11-13T19:24:11+00:00\" \/>\n<meta name=\"twitter:card\" content=\"summary_large_image\" \/>\n<meta name=\"twitter:label1\" content=\"Est. reading time\" \/>\n\t<meta name=\"twitter:data1\" content=\"1 minute\" \/>\n<script type=\"application\/ld+json\" class=\"yoast-schema-graph\">{\"@context\":\"https:\/\/schema.org\",\"@graph\":[{\"@type\":\"WebPage\",\"@id\":\"https:\/\/xadrezfigueira.mfbpro.com\/?page_id=794\",\"url\":\"https:\/\/xadrezfigueira.mfbpro.com\/?page_id=794\",\"name\":\"Partidas - Festival de Xadrez da Figueira da Foz - &quot;Tournament is financially supported by FIDE Open Aid Project&quot;\",\"isPartOf\":{\"@id\":\"http:\/\/xadrezfigueira.mfbpro.com\/#website\"},\"datePublished\":\"2022-11-10T18:36:35+00:00\",\"dateModified\":\"2025-11-13T19:24:11+00:00\",\"breadcrumb\":{\"@id\":\"https:\/\/xadrezfigueira.mfbpro.com\/?page_id=794#breadcrumb\"},\"inLanguage\":\"en\",\"potentialAction\":[{\"@type\":\"ReadAction\",\"target\":[\"https:\/\/xadrezfigueira.mfbpro.com\/?page_id=794\"]}]},{\"@type\":\"BreadcrumbList\",\"@id\":\"https:\/\/xadrezfigueira.mfbpro.com\/?page_id=794#breadcrumb\",\"itemListElement\":[{\"@type\":\"ListItem\",\"position\":1,\"name\":\"Home\",\"item\":\"http:\/\/xadrezfigueira.mfbpro.com\/\"},{\"@type\":\"ListItem\",\"position\":2,\"name\":\"Partidas\"}]},{\"@type\":\"WebSite\",\"@id\":\"http:\/\/xadrezfigueira.mfbpro.com\/#website\",\"url\":\"http:\/\/xadrezfigueira.mfbpro.com\/\",\"name\":\"Festival Internacional de Xadrez da Figueira da Fox\",\"description\":\"Site oficial do torneio\",\"publisher\":{\"@id\":\"http:\/\/xadrezfigueira.mfbpro.com\/#organization\"},\"potentialAction\":[{\"@type\":\"SearchAction\",\"target\":{\"@type\":\"EntryPoint\",\"urlTemplate\":\"http:\/\/xadrezfigueira.mfbpro.com\/?s={search_term_string}\"},\"query-input\":{\"@type\":\"PropertyValueSpecification\",\"valueRequired\":true,\"valueName\":\"search_term_string\"}}],\"inLanguage\":\"en\"},{\"@type\":\"Organization\",\"@id\":\"http:\/\/xadrezfigueira.mfbpro.com\/#organization\",\"name\":\"Assembleia Figueirense\",\"url\":\"http:\/\/xadrezfigueira.mfbpro.com\/\",\"logo\":{\"@type\":\"ImageObject\",\"inLanguage\":\"en\",\"@id\":\"http:\/\/xadrezfigueira.mfbpro.com\/#\/schema\/logo\/image\/\",\"url\":\"https:\/\/xadrezfigueira.mfbpro.com\/wp-content\/uploads\/2023\/05\/FIDE-logo-2022-black-with-black-background.png\",\"contentUrl\":\"https:\/\/xadrezfigueira.mfbpro.com\/wp-content\/uploads\/2023\/05\/FIDE-logo-2022-black-with-black-background.png\",\"width\":360,\"height\":360,\"caption\":\"Assembleia Figueirense\"},\"image\":{\"@id\":\"http:\/\/xadrezfigueira.mfbpro.com\/#\/schema\/logo\/image\/\"},\"sameAs\":[\"https:\/\/www.facebook.com\/miguel.babo.3\"]}]}<\/script>\n<!-- \/ Yoast SEO Premium plugin. -->","yoast_head_json":{"title":"Partidas - Festival de Xadrez da Figueira da Foz - &quot;Tournament is financially supported by FIDE Open Aid Project&quot;","robots":{"index":"index","follow":"follow","max-snippet":"max-snippet:-1","max-image-preview":"max-image-preview:large","max-video-preview":"max-video-preview:-1"},"canonical":"https:\/\/xadrezfigueira.mfbpro.com\/?page_id=794","og_locale":"en_US","og_type":"article","og_title":"Partidas","og_description":"Click neste link para assistir \u00e0s partidas ao vivo. (delay 30 min). In\u00edcio da transmiss\u00e3o da ronda 4 \u00e0s 19h30min. Ronda 1 https:\/\/lichess.org\/broadcast\/xix-festival-internacional-figueira-da-foz\/round-1\/QRJpfbKO#boards Ronda 2 https:\/\/lichess.org\/broadcast\/xix-festival-internacional-figueira-da-foz\/round-2\/GQNXoWyX#boards Ronda 3 https:\/\/lichess.org\/broadcast\/xix-festival-internacional-figueira-da-foz\/round-3\/gRGpK7kL#boards Ronda 4 https:\/\/lichess.org\/broadcast\/xix-festival-internacional-figueira-da-foz\/round-4\/WKemqtOZ#boards Ronda 5 https:\/\/lichess.org\/broadcast\/xix-festival-internacional-figueira-da-foz\/round-5\/5Xhv4LSV#boards Ronda 6 https:\/\/lichess.org\/broadcast\/xix-festival-internacional-figueira-da-foz\/round-6\/3fhzal3V#boards","og_url":"https:\/\/xadrezfigueira.mfbpro.com\/?page_id=794","og_site_name":"Festival de Xadrez da Figueira da Foz - &quot;Tournament is financially supported by FIDE Open Aid Project&quot;","article_publisher":"https:\/\/www.facebook.com\/miguel.babo.3","article_modified_time":"2025-11-13T19:24:11+00:00","twitter_card":"summary_large_image","twitter_misc":{"Est. reading time":"1 minute"},"schema":{"@context":"https:\/\/schema.org","@graph":[{"@type":"WebPage","@id":"https:\/\/xadrezfigueira.mfbpro.com\/?page_id=794","url":"https:\/\/xadrezfigueira.mfbpro.com\/?page_id=794","name":"Partidas - Festival de Xadrez da Figueira da Foz - &quot;Tournament is financially supported by FIDE Open Aid Project&quot;","isPartOf":{"@id":"http:\/\/xadrezfigueira.mfbpro.com\/#website"},"datePublished":"2022-11-10T18:36:35+00:00","dateModified":"2025-11-13T19:24:11+00:00","breadcrumb":{"@id":"https:\/\/xadrezfigueira.mfbpro.com\/?page_id=794#breadcrumb"},"inLanguage":"en","potentialAction":[{"@type":"ReadAction","target":["https:\/\/xadrezfigueira.mfbpro.com\/?page_id=794"]}]},{"@type":"BreadcrumbList","@id":"https:\/\/xadrezfigueira.mfbpro.com\/?page_id=794#breadcrumb","itemListElement":[{"@type":"ListItem","position":1,"name":"Home","item":"http:\/\/xadrezfigueira.mfbpro.com\/"},{"@type":"ListItem","position":2,"name":"Partidas"}]},{"@type":"WebSite","@id":"http:\/\/xadrezfigueira.mfbpro.com\/#website","url":"http:\/\/xadrezfigueira.mfbpro.com\/","name":"Festival Internacional de Xadrez da Figueira da Fox","description":"Site oficial do torneio","publisher":{"@id":"http:\/\/xadrezfigueira.mfbpro.com\/#organization"},"potentialAction":[{"@type":"SearchAction","target":{"@type":"EntryPoint","urlTemplate":"http:\/\/xadrezfigueira.mfbpro.com\/?s={search_term_string}"},"query-input":{"@type":"PropertyValueSpecification","valueRequired":true,"valueName":"search_term_string"}}],"inLanguage":"en"},{"@type":"Organization","@id":"http:\/\/xadrezfigueira.mfbpro.com\/#organization","name":"Assembleia Figueirense","url":"http:\/\/xadrezfigueira.mfbpro.com\/","logo":{"@type":"ImageObject","inLanguage":"en","@id":"http:\/\/xadrezfigueira.mfbpro.com\/#\/schema\/logo\/image\/","url":"https:\/\/xadrezfigueira.mfbpro.com\/wp-content\/uploads\/2023\/05\/FIDE-logo-2022-black-with-black-background.png","contentUrl":"https:\/\/xadrezfigueira.mfbpro.com\/wp-content\/uploads\/2023\/05\/FIDE-logo-2022-black-with-black-background.png","width":360,"height":360,"caption":"Assembleia Figueirense"},"image":{"@id":"http:\/\/xadrezfigueira.mfbpro.com\/#\/schema\/logo\/image\/"},"sameAs":["https:\/\/www.facebook.com\/miguel.babo.3"]}]}},"_links":{"self":[{"href":"https:\/\/xadrezfigueira.mfbpro.com\/index.php?rest_route=\/wp\/v2\/pages\/794"}],"collection":[{"href":"https:\/\/xadrezfigueira.mfbpro.com\/index.php?rest_route=\/wp\/v2\/pages"}],"about":[{"href":"https:\/\/xadrezfigueira.mfbpro.com\/index.php?rest_route=\/wp\/v2\/types\/page"}],"author":[{"embeddable":true,"href":"https:\/\/xadrezfigueira.mfbpro.com\/index.php?rest_route=\/wp\/v2\/users\/1"}],"replies":[{"embeddable":true,"href":"https:\/\/xadrezfigueira.mfbpro.com\/index.php?rest_route=%2Fwp%2Fv2%2Fcomments&post=794"}],"version-history":[{"count":9,"href":"https:\/\/xadrezfigueira.mfbpro.com\/index.php?rest_route=\/wp\/v2\/pages\/794\/revisions"}],"predecessor-version":[{"id":2518,"href":"https:\/\/xadrezfigueira.mfbpro.com\/index.php?rest_route=\/wp\/v2\/pages\/794\/revisions\/2518"}],"wp:attachment":[{"href":"https:\/\/xadrezfigueira.mfbpro.com\/index.php?rest_route=%2Fwp%2Fv2%2Fmedia&parent=794"}],"curies":[{"name":"wp","href":"https:\/\/api.w.org\/{rel}","templated":true}]}}