{"id":6,"date":"2014-08-09T17:26:03","date_gmt":"2014-08-09T17:26:03","guid":{"rendered":"http:\/\/xadrezfigueira.mfbpro.com\/?page_id=6"},"modified":"2025-11-10T16:04:46","modified_gmt":"2025-11-10T16:04:46","slug":"inscritos","status":"publish","type":"page","link":"https:\/\/xadrezfigueira.mfbpro.com\/?page_id=6","title":{"rendered":"Inscritos 2025"},"content":{"rendered":"\n<!DOCTYPE html>\n<html lang=\"pt-BR\">\n<head>\n    <meta charset=\"UTF-8\">\n    <title>Inscritos 2024<\/title>\n    <style>\n        table {\n            width: 100%;\n            border-collapse: collapse;\n        }\n        th, td {\n            border: 1px solid black;\n            padding: 8px;\n            text-align: left;\n        }\n        th {\n            background-color: #d3d3d3;\n        }\n        \/* Estilos espec\u00edficos para os bot\u00f5es das tabelas e pa\u00edses *\/\n        .table-menu ul {\n            list-style-type: none;\n            padding: 0;\n            margin: 0;\n        }\n        .table-menu ul li {\n            display: inline-block;\n            margin-right: 10px;\n            margin-bottom: 15px; \/* Espa\u00e7amento entre as linhas *\/\n        }\n        .table-menu ul li a {\n            text-decoration: none;\n            padding: 5px 10px;\n            background-color: #f2f2f2;\n            border: 1px solid #ccc;\n            border-radius: 5px;\n            color: black;\n        }\n        .table-menu ul li a:hover {\n            background-color: #e0e0e0;\n        }\n    <\/style>\n<\/head>\n<body>\n    <h1>Inscritos 2025<\/h1>\n    \n    <!-- Menu espec\u00edfico para gerar tabelas -->\n    <nav class=\"table-menu\">\n        <ul>\n            <li><a href=\"javascript:void(0);\" onclick=\"generateTable('geral')\">Geral<\/a><\/li>\n            <li><a href=\"javascript:void(0);\" onclick=\"generateTable('GM')\">GM<\/a><\/li>\n            <li><a href=\"javascript:void(0);\" onclick=\"generateTable('MI')\">MI<\/a><\/li>\n            <li><a href=\"javascript:void(0);\" onclick=\"generateTable('WGM')\">WGM<\/a><\/li>\n            <li><a href=\"javascript:void(0);\" onclick=\"generateTable('WIM')\">WMI<\/a><\/li>\n            <li><a href=\"javascript:void(0);\" onclick=\"generateTable('MF')\">MF<\/a><\/li>\n            <li><a href=\"javascript:void(0);\" onclick=\"generateTable('WFM')\">WFM<\/a><\/li>\n        <\/ul>\n        <ul>\n            <li><a href=\"javascript:void(0);\" onclick=\"generateCountryTable()\">Pa\u00edses<\/a><\/li>\n        <\/ul>\n    <\/nav>\n    \n    <div id=\"table-container\"><\/div>\n\n    <script>\n        const data = [\n  {\n    \"\": 1,\n    \"name\": \"Harikrishnan A Ra\",\n    \"elo\": 2536,\n    \"title\": \"MI\",\n    \"country\": \"IND\"\n  },\n  {\n    \"\": 2,\n    \"name\": \"Radoslaw Psyk\",\n    \"elo\": 2494,\n    \"title\": \"\",\n    \"country\": \"POL\"\n  },\n  {\n    \"\": 3,\n    \"name\": \"Vitaliy Bernadskiy\",\n    \"elo\": 2491,\n    \"title\": \"GM\",\n    \"country\": \"UKR\"\n  },\n  {\n    \"\": 4,\n    \"name\": \"Daniel Alsina\",\n    \"elo\": 2490,\n    \"title\": \"GM\",\n    \"country\": \"ESP\"\n  },\n  {\n    \"\": 5,\n    \"name\": \"Rathanvel S\",\n    \"elo\": 2483,\n    \"title\": \"MI\",\n    \"country\": \"IND\"\n  },\n  {\n    \"\": 6,\n    \"name\": \"Andr\u00e9 Sousa\",\n    \"elo\": 2444,\n    \"title\": \"MI\",\n    \"country\": \"POR\"\n  },\n  {\n    \"\": 7,\n    \"name\": \"Muthaiah Al\",\n    \"elo\": 2432,\n    \"title\": \"MI\",\n    \"country\": \"IND\"\n  },\n  {\n    \"\": 8,\n    \"name\": \"Vladimir Petkov\",\n    \"elo\": 2432,\n    \"title\": \"GM\",\n    \"country\": \"BUL\"\n  },\n  {\n    \"\": 9,\n    \"name\": \"Kevin Spraggett\",\n    \"elo\": 2426,\n    \"title\": \"GM\",\n    \"country\": \"CAN\"\n  },\n  {\n    \"\": 10,\n    \"name\": \"Johannes Florstedt\",\n    \"elo\": 2415,\n    \"title\": \"\",\n    \"country\": \"GER\"\n  },\n  {\n    \"\": 11,\n    \"name\": \"Lu\u00eds Galego\",\n    \"elo\": 2410,\n    \"title\": \"GM\",\n    \"country\": \"POR\"\n  },\n  {\n    \"\": 12,\n    \"name\": \"Bartlomiej Niedba\u0142\u0105\",\n    \"elo\": 2392,\n    \"title\": \"MI\",\n    \"country\": \"POL\"\n  },\n  {\n    \"\": 13,\n    \"name\": \"Elizbar Ubilava\",\n    \"elo\": 2375,\n    \"title\": \"GM\",\n    \"country\": \"ESP\"\n  },\n  {\n    \"\": 14,\n    \"name\": \"Ivan Povshednyi\",\n    \"elo\": 2373,\n    \"title\": \"MF\",\n    \"country\": \"UKR\"\n  },\n  {\n    \"\": 15,\n    \"name\": \"Bruno Martins\",\n    \"elo\": 2369,\n    \"title\": \"MF\",\n    \"country\": \"POR\"\n  },\n  {\n    \"\": 16,\n    \"name\": \"Nitin S\",\n    \"elo\": 2337,\n    \"title\": \"MI\",\n    \"country\": \"IND\"\n  },\n  {\n    \"\": 17,\n    \"name\": \"Mauricio Vassalo\",\n    \"elo\": 2326,\n    \"title\": \"MI\",\n    \"country\": \"ESP\"\n  },\n  {\n    \"\": 18,\n    \"name\": \"Pablo Mari\",\n    \"elo\": 2307,\n    \"title\": \"MF\",\n    \"country\": \"ESP\"\n  },\n  {\n    \"\": 19,\n    \"name\": \"Aaravamudhan Balaji\",\n    \"elo\": 2305,\n    \"title\": \"\",\n    \"country\": \"ENG\"\n  },\n  {\n    \"\": 20,\n    \"name\": \"David Farias\",\n    \"elo\": 2296,\n    \"title\": \"\",\n    \"country\": \"POR\"\n  },\n  {\n    \"\": 21,\n    \"name\": \"Hector Cardenas\",\n    \"elo\": 2292,\n    \"title\": \"MI\",\n    \"country\": \"ESP\"\n  },\n  {\n    \"\": 22,\n    \"name\": \"Michal Fiedorek\",\n    \"elo\": 2286,\n    \"title\": \"MF\",\n    \"country\": \"POL\"\n  },\n  {\n    \"\": 23,\n    \"name\": \"Sofiia Hryzlova\",\n    \"elo\": 2278,\n    \"title\": \"WIM\",\n    \"country\": \"SUI\"\n  },\n  {\n    \"\": 24,\n    \"name\": \"Oleg Romanishin\",\n    \"elo\": 2276,\n    \"title\": \"GM\",\n    \"country\": \"UKR\"\n  },\n  {\n    \"\": 25,\n    \"name\": \"Matviy Faryma\",\n    \"elo\": 2231,\n    \"title\": \"\",\n    \"country\": \"POR\"\n  },\n  {\n    \"\": 26,\n    \"name\": \"Marek Pniaczek\",\n    \"elo\": 2207,\n    \"title\": \"MF\",\n    \"country\": \"POL\"\n  },\n  {\n    \"\": 27,\n    \"name\": \"Domingos Junior\",\n    \"elo\": 2186,\n    \"title\": \"MF\",\n    \"country\": \"ANG\"\n  },\n  {\n    \"\": 28,\n    \"name\": \"Nino Maisuradze\",\n    \"elo\": 2177,\n    \"title\": \"WGM\",\n    \"country\": \"FRA\"\n  },\n  {\n    \"\": 29,\n    \"name\": \"Kirill Krasovskii\",\n    \"elo\": 2174,\n    \"title\": \"\",\n    \"country\": \"FID\"\n  },\n  {\n    \"\": 30,\n    \"name\": \"Ant\u00f3nio Pereira dos Santos\",\n    \"elo\": 2165,\n    \"title\": \"MF\",\n    \"country\": \"POR\"\n  },\n  {\n    \"\": 31,\n    \"name\": \"Maksym Faryma\",\n    \"elo\": 2134,\n    \"title\": \"\",\n    \"country\": \"POR\"\n  },\n  {\n    \"\": 32,\n    \"name\": \"Fernando Ribeiro\",\n    \"elo\": 2131,\n    \"title\": \"MF\",\n    \"country\": \"POR\"\n  },\n  {\n    \"\": 33,\n    \"name\": \"Sim\u00e3o Pintor\",\n    \"elo\": 2129,\n    \"title\": \"\",\n    \"country\": \"POR\"\n  },\n  {\n    \"\": 34,\n    \"name\": \"Rodrigo Sarabando\",\n    \"elo\": 2096,\n    \"title\": \"\",\n    \"country\": \"POR\"\n  },\n  {\n    \"\": 35,\n    \"name\": \"Miguel Morais\",\n    \"elo\": 2090,\n    \"title\": \"\",\n    \"country\": \"POR\"\n  },\n  {\n    \"\": 36,\n    \"name\": \"Jo\u00e3o Cordeiro\",\n    \"elo\": 2086,\n    \"title\": \"\",\n    \"country\": \"POR\"\n  },\n  {\n    \"\": 37,\n    \"name\": \"Ricardo Paulos Fernandes\",\n    \"elo\": 2082,\n    \"title\": \"\",\n    \"country\": \"POR\"\n  },\n  {\n    \"\": 38,\n    \"name\": \"Mariana Silva\",\n    \"elo\": 2077,\n    \"title\": \"\",\n    \"country\": \"POR\"\n  },\n  {\n    \"\": 39,\n    \"name\": \"David Torres Dominguez\",\n    \"elo\": 2066,\n    \"title\": \"\",\n    \"country\": \"ESP\"\n  },\n  {\n    \"\": 40,\n    \"name\": \"Jo\u00e3o Dinis de Sousa\",\n    \"elo\": 2059,\n    \"title\": \"\",\n    \"country\": \"POR\"\n  },\n  {\n    \"\": 41,\n    \"name\": \"Angel Serrano\",\n    \"elo\": 2050,\n    \"title\": \"\",\n    \"country\": \"ESP\"\n  },\n  {\n    \"\": 42,\n    \"name\": \"Nuno Guerreiro\",\n    \"elo\": 2048,\n    \"title\": \"\",\n    \"country\": \"POR\"\n  },\n  {\n    \"\": 43,\n    \"name\": \"Juan Montes Mayo\",\n    \"elo\": 2041,\n    \"title\": \"\",\n    \"country\": \"ESP\"\n  },\n  {\n    \"\": 44,\n    \"name\": \"Lucas Gon\u00e7alves\",\n    \"elo\": 2038,\n    \"title\": \"\",\n    \"country\": \"POR\"\n  },\n  {\n    \"\": 45,\n    \"name\": \"Jo\u00e3o Sousa\",\n    \"elo\": 2029,\n    \"title\": \"\",\n    \"country\": \"POR\"\n  },\n  {\n    \"\": 46,\n    \"name\": \"J\u00falio Rocha\",\n    \"elo\": 2014,\n    \"title\": \"\",\n    \"country\": \"ANG\"\n  },\n  {\n    \"\": 47,\n    \"name\": \"Jairo de Oliveira\",\n    \"elo\": 2009,\n    \"title\": \"\",\n    \"country\": \"BRA\"\n  },\n  {\n    \"\": 48,\n    \"name\": \"Adilson Mata\",\n    \"elo\": 2003,\n    \"title\": \"\",\n    \"country\": \"POR\"\n  },\n  {\n    \"\": 49,\n    \"name\": \"Dieferson Massarotto\",\n    \"elo\": 1993,\n    \"title\": \"\",\n    \"country\": \"BRA\"\n  },\n  {\n    \"\": 50,\n    \"name\": \"Karen Zapata\",\n    \"elo\": 1990,\n    \"title\": \"WIM\",\n    \"country\": \"ESP\"\n  },\n  {\n    \"\": 51,\n    \"name\": \"Emily Rosmait\",\n    \"elo\": 1983,\n    \"title\": \"\",\n    \"country\": \"GER\"\n  },\n  {\n    \"\": 52,\n    \"name\": \"Eduardo Ferreira\",\n    \"elo\": 1956,\n    \"title\": \"\",\n    \"country\": \"POR\"\n  },\n  {\n    \"\": 53,\n    \"name\": \"Avelino Bunga\",\n    \"elo\": 1954,\n    \"title\": \"\",\n    \"country\": \"ANG\"\n  },\n  {\n    \"\": 54,\n    \"name\": \"Armandas Ledas\",\n    \"elo\": 1950,\n    \"title\": \"\",\n    \"country\": \"LTU\"\n  },\n  {\n    \"\": 55,\n    \"name\": \"Imanol Del Frago\",\n    \"elo\": 1939,\n    \"title\": \"\",\n    \"country\": \"ESP\"\n  },\n  {\n    \"\": 56,\n    \"name\": \"Francisco Cruz\",\n    \"elo\": 1931,\n    \"title\": \"\",\n    \"country\": \"POR\"\n  },\n  {\n    \"\": 57,\n    \"name\": \"Raquel Santos\",\n    \"elo\": 1922,\n    \"title\": \"\",\n    \"country\": \"POR\"\n  },\n  {\n    \"\": 58,\n    \"name\": \"Philip Adams\",\n    \"elo\": 1916,\n    \"title\": \"\",\n    \"country\": \"ENG\"\n  },\n  {\n    \"\": 59,\n    \"name\": \"Gon\u00e7alo Amaro\",\n    \"elo\": 1915,\n    \"title\": \"\",\n    \"country\": \"POR\"\n  },\n  {\n    \"\": 60,\n    \"name\": \"Paulo Lameirinhas\",\n    \"elo\": 1904,\n    \"title\": \"\",\n    \"country\": \"POR\"\n  },\n  {\n    \"\": 61,\n    \"name\": \"Dinis Neto\",\n    \"elo\": 1897,\n    \"title\": \"\",\n    \"country\": \"POR\"\n  },\n  {\n    \"\": 62,\n    \"name\": \"Filipe Roque\",\n    \"elo\": 1887,\n    \"title\": \"\",\n    \"country\": \"POR\"\n  },\n  {\n    \"\": 63,\n    \"name\": \"Tiago Silva\",\n    \"elo\": 1884,\n    \"title\": \"\",\n    \"country\": \"POR\"\n  },\n  {\n    \"\": 64,\n    \"name\": \"Daniel Silva\",\n    \"elo\": 1878,\n    \"title\": \"\",\n    \"country\": \"POR\"\n  },\n  {\n    \"\": 65,\n    \"name\": \"Ricardo Ermida\",\n    \"elo\": 1867,\n    \"title\": \"\",\n    \"country\": \"POR\"\n  },\n  {\n    \"\": 66,\n    \"name\": \"Edn\u00e1sia Junior\",\n    \"elo\": 1866,\n    \"title\": \"WFM\",\n    \"country\": \"ANG\"\n  },\n  {\n    \"\": 67,\n    \"name\": \"Pedro Fonseca\",\n    \"elo\": 1855,\n    \"title\": \"\",\n    \"country\": \"POR\"\n  },\n  {\n    \"\": 68,\n    \"name\": \"Pedro Godinho\",\n    \"elo\": 1847,\n    \"title\": \"\",\n    \"country\": \"POR\"\n  },\n  {\n    \"\": 69,\n    \"name\": \"V\u00edtor Morais\",\n    \"elo\": 1812,\n    \"title\": \"\",\n    \"country\": \"POR\"\n  },\n  {\n    \"\": 70,\n    \"name\": \"Dinis Sampaio\",\n    \"elo\": 1801,\n    \"title\": \"\",\n    \"country\": \"POR\"\n  },\n  {\n    \"\": 71,\n    \"name\": \"Fernando Pinho\",\n    \"elo\": 1786,\n    \"title\": \"\",\n    \"country\": \"POR\"\n  },\n  {\n    \"\": 72,\n    \"name\": \"Jo\u00e3o Santos\",\n    \"elo\": 1770,\n    \"title\": \"\",\n    \"country\": \"POR\"\n  },\n  {\n    \"\": 73,\n    \"name\": \"Jorge Coelho\",\n    \"elo\": 1748,\n    \"title\": \"\",\n    \"country\": \"POR\"\n  },\n  {\n    \"\": 74,\n    \"name\": \"Lu\u00eds Barros\",\n    \"elo\": 1738,\n    \"title\": \"\",\n    \"country\": \"CPV\"\n  },\n  {\n    \"\": 75,\n    \"name\": \"Lu\u00eds Bouxo\",\n    \"elo\": 1735,\n    \"title\": \"\",\n    \"country\": \"POR\"\n  },\n  {\n    \"\": 76,\n    \"name\": \"Jo\u00e3o Rui Mendes\",\n    \"elo\": 1732,\n    \"title\": \"\",\n    \"country\": \"POR\"\n  },\n  {\n    \"\": 77,\n    \"name\": \"Guilherme Gon\u00e7alves\",\n    \"elo\": 1715,\n    \"title\": \"\",\n    \"country\": \"POR\"\n  },\n  {\n    \"\": 78,\n    \"name\": \"Bernardo Vidigal\",\n    \"elo\": 1701,\n    \"title\": \"\",\n    \"country\": \"POR\"\n  },\n  {\n    \"\": 79,\n    \"name\": \"Matias Montenegro\",\n    \"elo\": 1689,\n    \"title\": \"\",\n    \"country\": \"POR\"\n  },\n  {\n    \"\": 80,\n    \"name\": \"Rene Rodriguez\",\n    \"elo\": 1672,\n    \"title\": \"\",\n    \"country\": \"BRA\"\n  },\n  {\n    \"\": 81,\n    \"name\": \"Aguinaldo Vera-Cruz\",\n    \"elo\": 1669,\n    \"title\": \"\",\n    \"country\": \"CPV\"\n  },\n  {\n    \"\": 82,\n    \"name\": \"Rui Silva\",\n    \"elo\": 1657,\n    \"title\": \"\",\n    \"country\": \"POR\"\n  },\n  {\n    \"\": 83,\n    \"name\": \"Pedro Correia\",\n    \"elo\": 1655,\n    \"title\": \"\",\n    \"country\": \"POR\"\n  },\n  {\n    \"\": 84,\n    \"name\": \"Jos\u00e9 Dias\",\n    \"elo\": 1625,\n    \"title\": \"\",\n    \"country\": \"POR\"\n  },\n  {\n    \"\": 85,\n    \"name\": \"Satyaki Nandi\",\n    \"elo\": 1608,\n    \"title\": \"\",\n    \"country\": \"POR\"\n  },\n  {\n    \"\": 86,\n    \"name\": \"Vahid Khiali\",\n    \"elo\": 1581,\n    \"title\": \"\",\n    \"country\": \"IRI\"\n  },\n  {\n    \"\": 87,\n    \"name\": \"Harshit Sharma\",\n    \"elo\": 1573,\n    \"title\": \"\",\n    \"country\": \"IND\"\n  },\n  {\n    \"\": 88,\n    \"name\": \"Samuel Pickwick\",\n    \"elo\": 1571,\n    \"title\": \"\",\n    \"country\": \"WLS\"\n  },\n  {\n    \"\": 89,\n    \"name\": \"M\u00e1rio Gasalho\",\n    \"elo\": 1562,\n    \"title\": \"\",\n    \"country\": \"POR\"\n  },\n  {\n    \"\": 90,\n    \"name\": \"Abibek Azamat\",\n    \"elo\": 1552,\n    \"title\": \"\",\n    \"country\": \"KAZ\"\n  },\n  {\n    \"\": 91,\n    \"name\": \"Rafael Rosa\",\n    \"elo\": 1528,\n    \"title\": \"\",\n    \"country\": \"POR\"\n  },\n  {\n    \"\": 92,\n    \"name\": \"Pedro Mateus\",\n    \"elo\": 1449,\n    \"title\": \"\",\n    \"country\": \"POR\"\n  },\n  {\n    \"\": 93,\n    \"name\": \"Lucas Biajoli\",\n    \"elo\": 0,\n    \"title\": \"\",\n    \"country\": \"POR\"\n  }\n];\n\n        function generateTable(category) {\n            let filteredData;\n            if (category === 'geral') {\n                filteredData = data;\n            } else {\n                filteredData = data.filter(participant => participant.title === category.toUpperCase());\n            }\n\n            let tableContent = `<table>\n                <thead>\n                    <tr>\n                        <th>#<\/th>\n                        <th>Nome<\/th>\n                        <th>Elo<\/th>\n                        <th>T\u00edtulo<\/th>\n                        <th>Pa\u00eds<\/th>\n                    <\/tr>\n                <\/thead>\n                <tbody>`;\n            \n            filteredData.forEach((participant, index) => {\n                tableContent += `\n                    <tr>\n                        <td>${index + 1}<\/td>\n                        <td>${participant.name}<\/td>\n                        <td>${participant.elo}<\/td>\n                        <td>${participant.title}<\/td>\n                        <td>${participant.country}<\/td>\n                    <\/tr>`;\n            });\n\n            tableContent += `<\/tbody><\/table>`;\n            document.getElementById('table-container').innerHTML = tableContent;\n        }\n\n        function generateCountryTable() {\n            const countryCount = data.reduce((acc, participant) => {\n                acc[participant.country] = (acc[participant.country] || 0) + 1;\n                return acc;\n            }, {});\n\n            let tableContent = `<table>\n                <thead>\n                    <tr>\n                        <th>#<\/th>\n                        <th>Pa\u00eds<\/th>\n                        <th>N\u00famero de Participantes<\/th>\n                    <\/tr>\n                <\/thead>\n                <tbody>`;\n            \n            let index = 1; \/\/ Iniciar contagem para a numera\u00e7\u00e3o\n            for (const country in countryCount) {\n                tableContent += `\n                    <tr>\n                        <td>${index}<\/td>\n                        <td><a href=\"javascript:void(0);\" onclick=\"generateTableByCountry('${country}')\">${country}<\/a><\/td>\n                        <td>${countryCount[country]}<\/td>\n                    <\/tr>`;\n                index++; \/\/ Incrementar o n\u00famero\n            }\n\n            tableContent += `<\/tbody><\/table>`;\n            document.getElementById('table-container').innerHTML = tableContent;\n        }\n\n        function generateTableByCountry(country) {\n            const filteredData = data.filter(participant => participant.country === country);\n\n            let tableContent = `<table>\n                <thead>\n                    <tr>\n                        <th>#<\/th>\n                        <th>Nome<\/th>\n                        <th>Elo<\/th>\n                        <th>T\u00edtulo<\/th>\n                        <th>Pa\u00eds<\/th>\n                    <\/tr>\n                <\/thead>\n                <tbody>`;\n            \n            filteredData.forEach((participant, index) => {\n                tableContent += `\n                    <tr>\n                        <td>${index + 1}<\/td>\n                        <td>${participant.name}<\/td>\n                        <td>${participant.elo}<\/td>\n                        <td>${participant.title}<\/td>\n                        <td>${participant.country}<\/td>\n                    <\/tr>`;\n            });\n\n            tableContent += `<\/tbody><\/table>`;\n            document.getElementById('table-container').innerHTML = tableContent;\n        }\n\n        \/\/ Carregar a tabela geral por padr\u00e3o\n        window.onload = function() {\n            generateTable('geral');\n        };\n    <\/script>\n<\/body>\n<\/html>\n","protected":false},"excerpt":{"rendered":"<p>Inscritos 2024 Inscritos 2025 Geral GM MI WGM WMI MF WFM Pa\u00edses<\/p>\n","protected":false},"author":1,"featured_media":0,"parent":0,"menu_order":0,"comment_status":"closed","ping_status":"open","template":"","meta":{"footnotes":""},"yoast_head":"<!-- This site is optimized with the Yoast SEO Premium plugin v23.7 (Yoast SEO v23.7) - https:\/\/yoast.com\/wordpress\/plugins\/seo\/ -->\n<title>Inscritos 2025 - Festival de Xadrez da Figueira da Foz - &quot;Tournament is financially supported by FIDE Open Aid Project&quot;<\/title>\n<meta name=\"robots\" content=\"index, follow, max-snippet:-1, max-image-preview:large, max-video-preview:-1\" \/>\n<link rel=\"canonical\" href=\"https:\/\/xadrezfigueira.mfbpro.com\/?page_id=6\" \/>\n<meta property=\"og:locale\" content=\"en_US\" \/>\n<meta property=\"og:type\" content=\"article\" \/>\n<meta property=\"og:title\" content=\"Inscritos 2025\" \/>\n<meta property=\"og:description\" content=\"Inscritos 2024 Inscritos 2025 Geral GM MI WGM WMI MF WFM Pa\u00edses\" \/>\n<meta property=\"og:url\" content=\"https:\/\/xadrezfigueira.mfbpro.com\/?page_id=6\" \/>\n<meta property=\"og:site_name\" content=\"Festival de Xadrez da Figueira da Foz - &quot;Tournament is financially supported by FIDE Open Aid Project&quot;\" \/>\n<meta property=\"article:publisher\" content=\"https:\/\/www.facebook.com\/miguel.babo.3\" \/>\n<meta property=\"article:modified_time\" content=\"2025-11-10T16:04:46+00:00\" \/>\n<meta name=\"twitter:card\" content=\"summary_large_image\" \/>\n<meta name=\"twitter:label1\" content=\"Est. reading time\" \/>\n\t<meta name=\"twitter:data1\" content=\"1 minute\" \/>\n<script type=\"application\/ld+json\" class=\"yoast-schema-graph\">{\"@context\":\"https:\/\/schema.org\",\"@graph\":[{\"@type\":\"WebPage\",\"@id\":\"https:\/\/xadrezfigueira.mfbpro.com\/?page_id=6\",\"url\":\"https:\/\/xadrezfigueira.mfbpro.com\/?page_id=6\",\"name\":\"Inscritos 2025 - Festival de Xadrez da Figueira da Foz - &quot;Tournament is financially supported by FIDE Open Aid Project&quot;\",\"isPartOf\":{\"@id\":\"https:\/\/xadrezfigueira.mfbpro.com\/#website\"},\"datePublished\":\"2014-08-09T17:26:03+00:00\",\"dateModified\":\"2025-11-10T16:04:46+00:00\",\"breadcrumb\":{\"@id\":\"https:\/\/xadrezfigueira.mfbpro.com\/?page_id=6#breadcrumb\"},\"inLanguage\":\"en\",\"potentialAction\":[{\"@type\":\"ReadAction\",\"target\":[\"https:\/\/xadrezfigueira.mfbpro.com\/?page_id=6\"]}]},{\"@type\":\"BreadcrumbList\",\"@id\":\"https:\/\/xadrezfigueira.mfbpro.com\/?page_id=6#breadcrumb\",\"itemListElement\":[{\"@type\":\"ListItem\",\"position\":1,\"name\":\"Home\",\"item\":\"https:\/\/xadrezfigueira.mfbpro.com\/\"},{\"@type\":\"ListItem\",\"position\":2,\"name\":\"Inscritos 2025\"}]},{\"@type\":\"WebSite\",\"@id\":\"https:\/\/xadrezfigueira.mfbpro.com\/#website\",\"url\":\"https:\/\/xadrezfigueira.mfbpro.com\/\",\"name\":\"Festival Internacional de Xadrez da Figueira da Fox\",\"description\":\"Site oficial do torneio\",\"publisher\":{\"@id\":\"https:\/\/xadrezfigueira.mfbpro.com\/#organization\"},\"potentialAction\":[{\"@type\":\"SearchAction\",\"target\":{\"@type\":\"EntryPoint\",\"urlTemplate\":\"https:\/\/xadrezfigueira.mfbpro.com\/?s={search_term_string}\"},\"query-input\":{\"@type\":\"PropertyValueSpecification\",\"valueRequired\":true,\"valueName\":\"search_term_string\"}}],\"inLanguage\":\"en\"},{\"@type\":\"Organization\",\"@id\":\"https:\/\/xadrezfigueira.mfbpro.com\/#organization\",\"name\":\"Assembleia Figueirense\",\"url\":\"https:\/\/xadrezfigueira.mfbpro.com\/\",\"logo\":{\"@type\":\"ImageObject\",\"inLanguage\":\"en\",\"@id\":\"https:\/\/xadrezfigueira.mfbpro.com\/#\/schema\/logo\/image\/\",\"url\":\"https:\/\/xadrezfigueira.mfbpro.com\/wp-content\/uploads\/2023\/05\/FIDE-logo-2022-black-with-black-background.png\",\"contentUrl\":\"https:\/\/xadrezfigueira.mfbpro.com\/wp-content\/uploads\/2023\/05\/FIDE-logo-2022-black-with-black-background.png\",\"width\":360,\"height\":360,\"caption\":\"Assembleia Figueirense\"},\"image\":{\"@id\":\"https:\/\/xadrezfigueira.mfbpro.com\/#\/schema\/logo\/image\/\"},\"sameAs\":[\"https:\/\/www.facebook.com\/miguel.babo.3\"]}]}<\/script>\n<!-- \/ Yoast SEO Premium plugin. -->","yoast_head_json":{"title":"Inscritos 2025 - Festival de Xadrez da Figueira da Foz - &quot;Tournament is financially supported by FIDE Open Aid Project&quot;","robots":{"index":"index","follow":"follow","max-snippet":"max-snippet:-1","max-image-preview":"max-image-preview:large","max-video-preview":"max-video-preview:-1"},"canonical":"https:\/\/xadrezfigueira.mfbpro.com\/?page_id=6","og_locale":"en_US","og_type":"article","og_title":"Inscritos 2025","og_description":"Inscritos 2024 Inscritos 2025 Geral GM MI WGM WMI MF WFM Pa\u00edses","og_url":"https:\/\/xadrezfigueira.mfbpro.com\/?page_id=6","og_site_name":"Festival de Xadrez da Figueira da Foz - &quot;Tournament is financially supported by FIDE Open Aid Project&quot;","article_publisher":"https:\/\/www.facebook.com\/miguel.babo.3","article_modified_time":"2025-11-10T16:04:46+00:00","twitter_card":"summary_large_image","twitter_misc":{"Est. reading time":"1 minute"},"schema":{"@context":"https:\/\/schema.org","@graph":[{"@type":"WebPage","@id":"https:\/\/xadrezfigueira.mfbpro.com\/?page_id=6","url":"https:\/\/xadrezfigueira.mfbpro.com\/?page_id=6","name":"Inscritos 2025 - Festival de Xadrez da Figueira da Foz - &quot;Tournament is financially supported by FIDE Open Aid Project&quot;","isPartOf":{"@id":"https:\/\/xadrezfigueira.mfbpro.com\/#website"},"datePublished":"2014-08-09T17:26:03+00:00","dateModified":"2025-11-10T16:04:46+00:00","breadcrumb":{"@id":"https:\/\/xadrezfigueira.mfbpro.com\/?page_id=6#breadcrumb"},"inLanguage":"en","potentialAction":[{"@type":"ReadAction","target":["https:\/\/xadrezfigueira.mfbpro.com\/?page_id=6"]}]},{"@type":"BreadcrumbList","@id":"https:\/\/xadrezfigueira.mfbpro.com\/?page_id=6#breadcrumb","itemListElement":[{"@type":"ListItem","position":1,"name":"Home","item":"https:\/\/xadrezfigueira.mfbpro.com\/"},{"@type":"ListItem","position":2,"name":"Inscritos 2025"}]},{"@type":"WebSite","@id":"https:\/\/xadrezfigueira.mfbpro.com\/#website","url":"https:\/\/xadrezfigueira.mfbpro.com\/","name":"Festival Internacional de Xadrez da Figueira da Fox","description":"Site oficial do torneio","publisher":{"@id":"https:\/\/xadrezfigueira.mfbpro.com\/#organization"},"potentialAction":[{"@type":"SearchAction","target":{"@type":"EntryPoint","urlTemplate":"https:\/\/xadrezfigueira.mfbpro.com\/?s={search_term_string}"},"query-input":{"@type":"PropertyValueSpecification","valueRequired":true,"valueName":"search_term_string"}}],"inLanguage":"en"},{"@type":"Organization","@id":"https:\/\/xadrezfigueira.mfbpro.com\/#organization","name":"Assembleia Figueirense","url":"https:\/\/xadrezfigueira.mfbpro.com\/","logo":{"@type":"ImageObject","inLanguage":"en","@id":"https:\/\/xadrezfigueira.mfbpro.com\/#\/schema\/logo\/image\/","url":"https:\/\/xadrezfigueira.mfbpro.com\/wp-content\/uploads\/2023\/05\/FIDE-logo-2022-black-with-black-background.png","contentUrl":"https:\/\/xadrezfigueira.mfbpro.com\/wp-content\/uploads\/2023\/05\/FIDE-logo-2022-black-with-black-background.png","width":360,"height":360,"caption":"Assembleia Figueirense"},"image":{"@id":"https:\/\/xadrezfigueira.mfbpro.com\/#\/schema\/logo\/image\/"},"sameAs":["https:\/\/www.facebook.com\/miguel.babo.3"]}]}},"_links":{"self":[{"href":"https:\/\/xadrezfigueira.mfbpro.com\/index.php?rest_route=\/wp\/v2\/pages\/6"}],"collection":[{"href":"https:\/\/xadrezfigueira.mfbpro.com\/index.php?rest_route=\/wp\/v2\/pages"}],"about":[{"href":"https:\/\/xadrezfigueira.mfbpro.com\/index.php?rest_route=\/wp\/v2\/types\/page"}],"author":[{"embeddable":true,"href":"https:\/\/xadrezfigueira.mfbpro.com\/index.php?rest_route=\/wp\/v2\/users\/1"}],"replies":[{"embeddable":true,"href":"https:\/\/xadrezfigueira.mfbpro.com\/index.php?rest_route=%2Fwp%2Fv2%2Fcomments&post=6"}],"version-history":[{"count":549,"href":"https:\/\/xadrezfigueira.mfbpro.com\/index.php?rest_route=\/wp\/v2\/pages\/6\/revisions"}],"predecessor-version":[{"id":2442,"href":"https:\/\/xadrezfigueira.mfbpro.com\/index.php?rest_route=\/wp\/v2\/pages\/6\/revisions\/2442"}],"wp:attachment":[{"href":"https:\/\/xadrezfigueira.mfbpro.com\/index.php?rest_route=%2Fwp%2Fv2%2Fmedia&parent=6"}],"curies":[{"name":"wp","href":"https:\/\/api.w.org\/{rel}","templated":true}]}}