{"id":21,"date":"2014-08-10T10:51:07","date_gmt":"2014-08-10T10:51:07","guid":{"rendered":"http:\/\/xadrezfigueira.mfbpro.com\/?page_id=21"},"modified":"2025-11-10T16:44:47","modified_gmt":"2025-11-10T16:44:47","slug":"regulamento","status":"publish","type":"page","link":"https:\/\/xadrezfigueira.mfbpro.com\/?page_id=21","title":{"rendered":"Regulamento"},"content":{"rendered":"\n<p><strong>Torneio Sabir Ali &nbsp;2025<\/strong><\/p>\n\n\n\n<p>1. <strong>SESS\u00d5ES<\/strong><\/p>\n\n\n\n<p>1.1. O torneio ter\u00e1 in\u00edcio no dia 9 de Novembro e terminar\u00e1 no dia &nbsp;16 de&nbsp;Novembro de 2025.<\/p>\n\n\n\n<p>1.2. Haver\u00e1 uma sess\u00e3o por dia, \u00e0s 17:30h, \u00e0 excep\u00e7\u00e3o do dia 11 de Novembro, ter\u00e7a-feira, dia onde ter\u00e3o lugar duas rondas, a ronda n\u00ba 3 e a ronda n\u00ba4, respectivamente \u00e0s 10:00h e \u00e0s 19:00h, e na ronda final, ronda n\u00ba9, no dia 16, Domingo que ser\u00e1 ter\u00e1 in\u00edcio \u00e0s 10:00h.<\/p>\n\n\n\n<p><strong>2. LOCAL<\/strong> <\/p>\n\n\n\n<p>2.1. Todas as partidas ser\u00e3o disputadas na Figueira da Foz,&nbsp;no Sweet Atlantic Hotel (ou na eventualidade de qualquer conting\u00eancia, em local a indicar)<\/p>\n\n\n\n<p>2.2. Os rel\u00f3gios ser\u00e3o colocados a trabalhar \u00e0 hora indicada para cada ronda sendo que ser\u00e1 atribu\u00edda falta de compar\u00eancia ao jogador que se apresente para jogar uma hora depois de ter sido iniciada a sess\u00e3o.<\/p>\n\n\n\n<p>2.3 A excep\u00e7\u00e3o \u00e0 regra anterior, 2.2, verifica-se na primeira ronda, onde s\u00f3 ser\u00e3o emparceirados os jogadores que confirmem junto do \u00c1rbitro Principal, <strong>uma hora antes do in\u00edcio da sess\u00e3o, \u00e0s 16:30 do dia 9 de Novembro<\/strong>, a sua presen\u00e7a. Esta confirma\u00e7\u00e3o ter\u00e1 que ser presencial.<\/p>\n\n\n\n<p>2.4. O \u00c1rbitro Chefe poder\u00e1 validar qualquer entrada por outra via, excepcionando a regra anterior, 2.3, desde que feita a tempo e desde que considere justific\u00e1vel a raz\u00e3o dessa confirma\u00e7\u00e3o n\u00e3o ser feita presencialmente e considere que o jogador ainda pode chegar antes de uma hora depois do in\u00edcio da sess\u00e3o. &nbsp;Ser\u00e1 da responsabilidade e do crit\u00e9rio do \u00e1rbitro aceitar esta excep\u00e7\u00e3o sendo que, caso n\u00e3o o fa\u00e7a,  o jogador n\u00e3o ser\u00e1 emparceirado, aplicando-te a regra 2.3. <\/p>\n\n\n\n<p>2.5. O jogador que n\u00e3o compare\u00e7a a horas \u00e0 primeira sess\u00e3o, sem ter pr\u00e9via e devidamente comunicado ao \u00c1rbitro Chefe, diretamente, ou por meio da organiza\u00e7\u00e3o, ou por meio dos seus \u00e1rbitros auxiliares, ser\u00e1 exclu\u00eddo do torneio sem com isso ficar isento da taxa de inscri\u00e7\u00e3o.<\/p>\n\n\n\n<p>2.6. O Conselho de Apelo ter\u00e1 a responsabilidade e a autoridade para considerar a justifica\u00e7\u00e3o dos jogadores que tenham dado falta de compar\u00eancia \u00e0 primeira sess\u00e3o por motivos considerados de &#8220;for\u00e7a maior&#8221; e julgar da aplicabilidade da regra anterior, 2.5. Caso seja considerada v\u00e1lida a raz\u00e3o de &#8220;for\u00e7a maior&#8221; o jogador poder\u00e1 continuar inscrito no torneio sendo-lhe atribu\u00eddo 0 pontos na 1\u00aa sess\u00e3o.<\/p>\n\n\n\n<p><strong>3. NORMAS ESPECIAIS DE HIGIENE E SEGURAN\u00c7A<\/strong><\/p>\n\n\n\n<p>3.1. Ser\u00e3o cumpridas todas as normas de higiene e&nbsp;seguran\u00e7a exigidas pela DGS para esta prova.<\/p>\n\n\n\n<p><strong>4. RESTRI\u00c7\u00d5ES<\/strong><\/p>\n\n\n\n<p>4.1. N\u00e3o ser\u00e1 permitido analisar as partidas terminadas, nem fumar, nem comer na sala de jogo. Tudo isto poder\u00e1 ser feito em local indicado para a an\u00e1lise das partidas.<\/p>\n\n\n\n<p>4.2. Os jogadores n\u00e3o se poder\u00e3o apresentar de cal\u00e7\u00f5es, chinelos, fato de treino&nbsp;ou outra indument\u00e1ria que seja considerada inapropriada pela organiza\u00e7\u00e3o para disputar cada ronda. N\u00e3o ser\u00e1 igualmente permitido o uso de chap\u00e9u ou bon\u00e9 durante as partidas.<\/p>\n\n\n\n<p>4.3. Os jogadores n\u00e3o poder\u00e3o fazer uso de posturas consideradas pela arbitragem inapropriadas, entre elas, descal\u00e7arem-se ou jogaram com os p\u00e9s em cima da cadeira.<\/p>\n\n\n\n<p>4.4. Os jogadores est\u00e3o obrigados a cumprir normas obrigat\u00f3rias de higiene pessoal sendo que poder\u00e3o ser impedidos de continuar a partida, sendo-lhe atribu\u00edda derrota, caso a arbitragem considere que a sua condi\u00e7\u00e3o de higiene pessoal \u00e9 perturbadora do normal decorrer do seu jogo, perturbando o seu advers\u00e1rio ou os jogadores dos tabuleiros adjacentes.<\/p>\n\n\n\n<p><strong>5.<\/strong> <strong>HOR\u00c1RIO E SISTEMA<\/strong><\/p>\n\n\n\n<p>5.1. Sistema  Su\u00ed\u00e7o. 9 rondas.<\/p>\n\n\n\n<p>5.2. Ritmo: 90 minutos para os primeiros 40 lances + 30 min, com incrementos de 30 segundos por jogada desde o primeiro lance.<\/p>\n\n\n\n<p><\/p>\n\n\n\n<p><strong>6. REGISTOS OFICIAIS<\/strong><\/p>\n\n\n\n<p>6.1. O Torneio ser\u00e1 contabilizado para Rating FIDE e da FPX, ser\u00e1 v\u00e1lido para a obten\u00e7\u00e3o de normas para t\u00edtulos GM e MI.<\/p>\n\n\n\n<p><strong>7.<\/strong> <strong>FALTAS DE COMPAR\u00caNCIA<\/strong> (Handbook da FIDE, C.04.1).<\/p>\n\n\n\n<p>7.1. Os jogadores que n\u00e3o compare\u00e7am na sala de jogo, com a sua presen\u00e7a comprovada pela equipa de arbitragem, at\u00e9 hora depois da hora prevista para o in\u00edcio da sess\u00e3o, ser-lhe-\u00e1 atribu\u00edda falta de compar\u00eancia com as consequ\u00eancias previstas no presente regulamento. <\/p>\n\n\n\n<p>7.2. Os jogadores a quem seja atribu\u00edda falta de compar\u00eancia ser\u00e3o automaticamente exclu\u00eddos do torneio sem com isso ficarem isentos do pagamento integral da taxa de inscri\u00e7\u00e3o.<\/p>\n\n\n\n<p>7.3. O Conselho de Apelo ter\u00e1 a responsabilidade e a autoridade para considerar a justifica\u00e7\u00e3o dos jogadores que tenham dado falta de compar\u00eancia por motivos considerados de &#8220;for\u00e7a maior&#8221; e julgar da aplicabilidade da regra anterior, 7.2. Caso seja considerada v\u00e1lida a raz\u00e3o de &#8220;for\u00e7a maior&#8221; o jogador poder\u00e1 continuar inscrito no torneio sendo-lhe atribu\u00eddo 0 pontos na sess\u00e3o em que faltou.<\/p>\n\n\n\n<p><strong>8.<\/strong> <strong>ABANDONO DO TORNEIO<\/strong> <\/p>\n\n\n\n<p>8.1. &#8211; Os jogadores que abandonem o Torneio n\u00e3o ser\u00e3o emparceirados. <\/p>\n\n\n\n<p>8.2. &#8211; Os jogadores convidados, com isen\u00e7\u00e3o de taxa de inscri\u00e7\u00e3o, ou com apoios por parte da organiza\u00e7\u00e3o, nomeadamente, na estadia, transporte e alimenta\u00e7\u00e3o, que abandonem o torneio ou sejam exclu\u00eddos por falta de compar\u00eancia perder\u00e3o o direito a esses benef\u00edcios e ficar\u00e3o obrigados ao pagamento integral da taxa de inscri\u00e7\u00e3o, ao pagamento da estadia \u00e0 taxa do pagamento do hotel para cada um desses dias e ao pagamento das refei\u00e7\u00f5es patrocinadas, 20\u20ac por refei\u00e7\u00e3o.<\/p>\n\n\n\n<p>8.3. A organiza\u00e7\u00e3o, representada pelo diretor de Torneio e pelo Conselho de Apelo, ter\u00e3o a responsabilidade e a autoridade para considerar a justifica\u00e7\u00e3o dos jogadores que tenham abandonado o torneio ou tenham sido exclu\u00eddos por falta de compar\u00eancia, por motivos considerados de &#8220;for\u00e7a maior&#8221; e julgar da aplicabilidade da regra anterior, 8.3. Caso seja considerada v\u00e1lida a raz\u00e3o de &#8220;for\u00e7a maior&#8221; o jogador poder\u00e1 ficar isento dos pagamentos previstos na regra anterior. <\/p>\n\n\n\n<p><strong>9. Bye <\/strong><\/p>\n\n\n\n<p>9.1. Ser\u00e3o permitidos os pedidos de byes at\u00e9 um n\u00famero m\u00e1ximo de 3.<\/p>\n\n\n\n<p>9.2. Os jogadores poder\u00e3o pedir bye at\u00e9 \u00e0 hora do emparceiramento da ronda seguinte que \u00e9 feita ap\u00f3s o final de cada ronda \u00e0 excep\u00e7\u00e3o da primeira ronda cujo procedimento de pedido de bye est\u00e1 sujeito \u00e0s regras previstas em 2.3 que obriga a comunica\u00e7\u00e3o ao \u00c1rbitro Chefe at\u00e9 \u00e0s 16:30 do dia 10 de Novembro. <\/p>\n\n\n\n<p>9.3. Aos jogadores que solicitaram bye, at\u00e9 \u00e0 sexta ronda inclu\u00edda, n\u00e3o ser\u00e3o emparceirados nessa ronda e pontuam \u00bd ponto desde que n\u00e3o ultrapassem o n\u00famero de byes permitidos (tr\u00eas).<\/p>\n\n\n\n<p>9.4. Aos jogadores que solicitaram bye, da sexta ronda em diante, n\u00e3o ser\u00e3o emparceirados nessa ronda e pontuam 0 pontos desde que n\u00e3o ultrapassem o n\u00famero de byes permitidos (tr\u00eas)<\/p>\n\n\n\n<p><strong>10. PR\u00c9MIOS<\/strong><\/p>\n\n\n\n<p>O Torneio contar\u00e1 com 8750 euros em pr\u00e9mios monet\u00e1rios que ser\u00e3o adjudicados junto com os respectivos trof\u00e9us e os seguintes crit\u00e9rios:<\/p>\n\n\n\n<p><strong>a)<\/strong> pr\u00e9mios para os dez primeiros da classifica\u00e7\u00e3o geral, respectivamente do 1\u00ba ao 10\u00ba: 2 000 \u20ac, 1 400 \u20ac, 850 \u20ac, 650 \u20ac, 500 \u20ac, 400 \u20ac, 300 \u20ac, 250 \u20ac,&nbsp;200 \u20ac, 150 \u20ac<\/p>\n\n\n\n<p><strong>pr\u00e9mios extraordin\u00e1rios e cumul\u00e1veis: <\/strong><\/p>\n\n\n\n<p>1\u00ba feminino 600 \u20ac&nbsp;+ trof\u00e9u; &nbsp; 2\u00ba feminino 400 \u20ac; 3\u00ba feminino 250 \u20ac, <\/p>\n\n\n\n<p>1\u00ba veterano 400 \u20ac + trof\u00e9u; &nbsp; 2\u00ba veterano 250 \u20ac; 3\u00ba veterano 150 \u20ac<\/p>\n\n\n\n<p>Todos os pr\u00e9mios ser\u00e3o entregues no \u00faltimo dia do Torneio, a hora a indicar depois da \u00faltima sess\u00e3o, na Cerim\u00f3nia de Encerramento do Festival, no Sweet Atlantic Hotel.<\/p>\n\n\n\n<p><strong>11<\/strong>. <strong>REGULAMENTO DE FAIR PLAY<\/strong><\/p>\n\n\n\n<p><strong>O Painel &#8220;FAIR PLAY&#8221; (FPP)&nbsp;ser\u00e1 composto por quatro membros&nbsp;ser\u00e1&nbsp;presidido pelo Dr. M\u00e1rio Mourato. Os jogadores ter\u00e3o de&nbsp;cumprir as instru\u00e7\u00f5es&nbsp;dadas pelo FPP e o seu n\u00e3o cumprimento resultar\u00e1 na&nbsp;aplica\u00e7\u00e3o do Artigo 12.9 das regras internacionais do Xadrez. A FPP partilhar\u00e1 a&nbsp;responsabilidade com a arbitragem da inspe\u00e7\u00e3o e controlo das poss\u00edveis interac\u00e7\u00f5es entre os jogadores e outras pessoas. De modo&nbsp;geral a FPP ter\u00e1 o direito de&nbsp;exercer o que&nbsp;considerar necess\u00e1rio para garantir o &#8220;Fair Play&#8221; durante o torneio. A&nbsp;organiza\u00e7\u00e3o&nbsp;providenciar\u00e1 pessoal de seguran\u00e7a que ir\u00e1 verificar pertences pessoais e&nbsp;assegurar que n\u00e3o entrar\u00e3o na sala de jogo quaisquer&nbsp;dispositivos&nbsp;electr\u00f3nicos, nem por&nbsp;parte dos jogadores&nbsp;nem por parte de quaisquer&nbsp;outras pessoas que possam&nbsp;entrar nas salas de jogo.&nbsp;<\/strong><\/p>\n\n\n\n<p><strong>12. INSCRI\u00c7\u00d5ES<\/strong><\/p>\n\n\n\n<p>As inscri\u00e7\u00f5es dever\u00e3o ser formalizadas at\u00e9 24 horas antes do in\u00edcio do torneio. O pre\u00e7o da inscri\u00e7\u00e3o \u00fanica \u00e9 de 50\u20ac e que ter\u00e3o que ser pagos antes do in\u00edcio da 1\u00aa ronda. Os GM e MI estar\u00e3o isentos do pagamento de inscri\u00e7\u00e3o. Existir\u00e1 uma taxa de inscri\u00e7\u00e3o com condi\u00e7\u00f5es especiais de alojamento.<\/p>\n\n\n\n<p>O torneio \u00e9 aberto mas ter\u00e1 um n\u00famero restrito de participantes pelo que s\u00f3 garantimos a certeza de participa\u00e7\u00e3o no torneio aos primeiros 50 jogadores inscritos.<\/p>\n\n\n\n<p><strong>13. ORGANIZA\u00c7\u00c3O<\/strong><\/p>\n\n\n\n<p>O Comit\u00e9 Organizador ser\u00e1 integrado por cinco pessoas, a saber: Vice-Presidente da Assembleia Figueirense e Director do Torneio (M\u00e1rio P\u00f3voa Leit\u00e3o), Representante da Organiza\u00e7\u00e3o (Miguel Babo), e \u00c1rbitros Internacionais (Carlos Dias e Francisco Carapinha).<\/p>\n\n\n\n<p>O Comit\u00e9 da Competi\u00e7\u00e3o ser\u00e1 constitu\u00eddo por cinco pessoas, a saber: o Director do Torneio, M\u00e1rio P\u00f3voa Leit\u00e3o, o \u00c1rbitro Principal, Carlos Dias, e os tr\u00eas jogadores que mais votos obtenham para tal efeito de entre os participantes. Os que tenham ficado, pela vota\u00e7\u00e3o, imediatamente a seguir, figurar\u00e3o como suplentes para os casos que possam afectar os jogadores titulares.<\/p>\n\n\n\n<p>Qualquer incidente ser\u00e1 resolvido pelo \u00c1rbitro Principal. &nbsp;Aplicar-se-\u00e1 a normativa em vigor da FIDE e FPX. Um exemplar das Leis de Xadrez nos idiomas, portugu\u00eas e espanhol estar\u00e3o \u00e0 disposi\u00e7\u00e3o dos jogadores. Em caso de d\u00favidas ou disparidade entre as regras expressas nos tr\u00eas idiomas prevalecer\u00e1 a vers\u00e3o das regras em idioma ingl\u00eas.<\/p>\n\n\n\n<p><strong>ANEXO (SISTEMAS DE DESEMPATE, A SORTEAR AP\u00d3S A 9\u00aa RONDA)<\/strong><\/p>\n\n\n\n<p><strong><br>Tournament&nbsp;Performance Rating<\/strong><\/p>\n\n\n\n<p>is calculated with the formula : Average rating of the opponents + rating difference from table 8.1a of FIDE Rating Regulations B.02. Unplayed games are not counted&nbsp;<\/p>\n\n\n\n<p><strong>&nbsp;Buccholz Cut 2<\/strong><\/p>\n\n\n\n<p>is the Buccholz score reduced by the two lowest scores of the opponents<\/p>\n\n\n\n<p><strong>&nbsp;Buccholz<\/strong><\/p>\n\n\n\n<p>is the sum of the score of each opponent of a player<\/p>\n\n\n\n<p>Se algum dos jogadores advers\u00e1rios n\u00e3o tem Elo FIDE, \u00e9 assumido como se tivesse 2000. As rondas n\u00e3o jogadas (as que o jogador deu falta de compar\u00eancia) ser\u00e1 assumido como 1800.&nbsp;<\/p>\n\n\n\n<p><\/p>\n\n\n\n<p><\/p>\n","protected":false},"excerpt":{"rendered":"<p>Torneio Sabir Ali &nbsp;2025 1. SESS\u00d5ES 1.1. O torneio ter\u00e1 in\u00edcio no dia 9 de Novembro e terminar\u00e1 no dia &nbsp;16 de&nbsp;Novembro de 2025. 1.2. Haver\u00e1 uma sess\u00e3o por dia, \u00e0s 17:30h, \u00e0 excep\u00e7\u00e3o do dia 11 de Novembro, ter\u00e7a-feira, dia onde ter\u00e3o lugar duas rondas, a ronda n\u00ba 3 e a ronda n\u00ba4, respectivamente [&hellip;]<\/p>\n","protected":false},"author":1,"featured_media":0,"parent":0,"menu_order":0,"comment_status":"closed","ping_status":"open","template":"","meta":{"footnotes":""},"yoast_head":"<!-- This site is optimized with the Yoast SEO Premium plugin v23.7 (Yoast SEO v23.7) - https:\/\/yoast.com\/wordpress\/plugins\/seo\/ -->\n<title>Regulamento - Festival de Xadrez da Figueira da Foz - &quot;Tournament is financially supported by FIDE Open Aid Project&quot;<\/title>\n<meta name=\"robots\" content=\"index, follow, max-snippet:-1, max-image-preview:large, max-video-preview:-1\" \/>\n<link rel=\"canonical\" href=\"https:\/\/xadrezfigueira.mfbpro.com\/?page_id=21\" \/>\n<meta property=\"og:locale\" content=\"en_US\" \/>\n<meta property=\"og:type\" content=\"article\" \/>\n<meta property=\"og:title\" content=\"Regulamento\" \/>\n<meta property=\"og:description\" content=\"Torneio Sabir Ali &nbsp;2025 1. SESS\u00d5ES 1.1. O torneio ter\u00e1 in\u00edcio no dia 9 de Novembro e terminar\u00e1 no dia &nbsp;16 de&nbsp;Novembro de 2025. 1.2. Haver\u00e1 uma sess\u00e3o por dia, \u00e0s 17:30h, \u00e0 excep\u00e7\u00e3o do dia 11 de Novembro, ter\u00e7a-feira, dia onde ter\u00e3o lugar duas rondas, a ronda n\u00ba 3 e a ronda n\u00ba4, respectivamente [&hellip;]\" \/>\n<meta property=\"og:url\" content=\"https:\/\/xadrezfigueira.mfbpro.com\/?page_id=21\" \/>\n<meta property=\"og:site_name\" content=\"Festival de Xadrez da Figueira da Foz - &quot;Tournament is financially supported by FIDE Open Aid Project&quot;\" \/>\n<meta property=\"article:publisher\" content=\"https:\/\/www.facebook.com\/miguel.babo.3\" \/>\n<meta property=\"article:modified_time\" content=\"2025-11-10T16:44:47+00:00\" \/>\n<meta name=\"twitter:card\" content=\"summary_large_image\" \/>\n<meta name=\"twitter:label1\" content=\"Est. reading time\" \/>\n\t<meta name=\"twitter:data1\" content=\"8 minutes\" \/>\n<script type=\"application\/ld+json\" class=\"yoast-schema-graph\">{\"@context\":\"https:\/\/schema.org\",\"@graph\":[{\"@type\":\"WebPage\",\"@id\":\"https:\/\/xadrezfigueira.mfbpro.com\/?page_id=21\",\"url\":\"https:\/\/xadrezfigueira.mfbpro.com\/?page_id=21\",\"name\":\"Regulamento - Festival de Xadrez da Figueira da Foz - &quot;Tournament is financially supported by FIDE Open Aid Project&quot;\",\"isPartOf\":{\"@id\":\"https:\/\/xadrezfigueira.mfbpro.com\/#website\"},\"datePublished\":\"2014-08-10T10:51:07+00:00\",\"dateModified\":\"2025-11-10T16:44:47+00:00\",\"breadcrumb\":{\"@id\":\"https:\/\/xadrezfigueira.mfbpro.com\/?page_id=21#breadcrumb\"},\"inLanguage\":\"en\",\"potentialAction\":[{\"@type\":\"ReadAction\",\"target\":[\"https:\/\/xadrezfigueira.mfbpro.com\/?page_id=21\"]}]},{\"@type\":\"BreadcrumbList\",\"@id\":\"https:\/\/xadrezfigueira.mfbpro.com\/?page_id=21#breadcrumb\",\"itemListElement\":[{\"@type\":\"ListItem\",\"position\":1,\"name\":\"Home\",\"item\":\"https:\/\/xadrezfigueira.mfbpro.com\/\"},{\"@type\":\"ListItem\",\"position\":2,\"name\":\"Regulamento\"}]},{\"@type\":\"WebSite\",\"@id\":\"https:\/\/xadrezfigueira.mfbpro.com\/#website\",\"url\":\"https:\/\/xadrezfigueira.mfbpro.com\/\",\"name\":\"Festival Internacional de Xadrez da Figueira da Fox\",\"description\":\"Site oficial do torneio\",\"publisher\":{\"@id\":\"https:\/\/xadrezfigueira.mfbpro.com\/#organization\"},\"potentialAction\":[{\"@type\":\"SearchAction\",\"target\":{\"@type\":\"EntryPoint\",\"urlTemplate\":\"https:\/\/xadrezfigueira.mfbpro.com\/?s={search_term_string}\"},\"query-input\":{\"@type\":\"PropertyValueSpecification\",\"valueRequired\":true,\"valueName\":\"search_term_string\"}}],\"inLanguage\":\"en\"},{\"@type\":\"Organization\",\"@id\":\"https:\/\/xadrezfigueira.mfbpro.com\/#organization\",\"name\":\"Assembleia Figueirense\",\"url\":\"https:\/\/xadrezfigueira.mfbpro.com\/\",\"logo\":{\"@type\":\"ImageObject\",\"inLanguage\":\"en\",\"@id\":\"https:\/\/xadrezfigueira.mfbpro.com\/#\/schema\/logo\/image\/\",\"url\":\"https:\/\/xadrezfigueira.mfbpro.com\/wp-content\/uploads\/2023\/05\/FIDE-logo-2022-black-with-black-background.png\",\"contentUrl\":\"https:\/\/xadrezfigueira.mfbpro.com\/wp-content\/uploads\/2023\/05\/FIDE-logo-2022-black-with-black-background.png\",\"width\":360,\"height\":360,\"caption\":\"Assembleia Figueirense\"},\"image\":{\"@id\":\"https:\/\/xadrezfigueira.mfbpro.com\/#\/schema\/logo\/image\/\"},\"sameAs\":[\"https:\/\/www.facebook.com\/miguel.babo.3\"]}]}<\/script>\n<!-- \/ Yoast SEO Premium plugin. -->","yoast_head_json":{"title":"Regulamento - Festival de Xadrez da Figueira da Foz - &quot;Tournament is financially supported by FIDE Open Aid Project&quot;","robots":{"index":"index","follow":"follow","max-snippet":"max-snippet:-1","max-image-preview":"max-image-preview:large","max-video-preview":"max-video-preview:-1"},"canonical":"https:\/\/xadrezfigueira.mfbpro.com\/?page_id=21","og_locale":"en_US","og_type":"article","og_title":"Regulamento","og_description":"Torneio Sabir Ali &nbsp;2025 1. SESS\u00d5ES 1.1. O torneio ter\u00e1 in\u00edcio no dia 9 de Novembro e terminar\u00e1 no dia &nbsp;16 de&nbsp;Novembro de 2025. 1.2. Haver\u00e1 uma sess\u00e3o por dia, \u00e0s 17:30h, \u00e0 excep\u00e7\u00e3o do dia 11 de Novembro, ter\u00e7a-feira, dia onde ter\u00e3o lugar duas rondas, a ronda n\u00ba 3 e a ronda n\u00ba4, respectivamente [&hellip;]","og_url":"https:\/\/xadrezfigueira.mfbpro.com\/?page_id=21","og_site_name":"Festival de Xadrez da Figueira da Foz - &quot;Tournament is financially supported by FIDE Open Aid Project&quot;","article_publisher":"https:\/\/www.facebook.com\/miguel.babo.3","article_modified_time":"2025-11-10T16:44:47+00:00","twitter_card":"summary_large_image","twitter_misc":{"Est. reading time":"8 minutes"},"schema":{"@context":"https:\/\/schema.org","@graph":[{"@type":"WebPage","@id":"https:\/\/xadrezfigueira.mfbpro.com\/?page_id=21","url":"https:\/\/xadrezfigueira.mfbpro.com\/?page_id=21","name":"Regulamento - Festival de Xadrez da Figueira da Foz - &quot;Tournament is financially supported by FIDE Open Aid Project&quot;","isPartOf":{"@id":"https:\/\/xadrezfigueira.mfbpro.com\/#website"},"datePublished":"2014-08-10T10:51:07+00:00","dateModified":"2025-11-10T16:44:47+00:00","breadcrumb":{"@id":"https:\/\/xadrezfigueira.mfbpro.com\/?page_id=21#breadcrumb"},"inLanguage":"en","potentialAction":[{"@type":"ReadAction","target":["https:\/\/xadrezfigueira.mfbpro.com\/?page_id=21"]}]},{"@type":"BreadcrumbList","@id":"https:\/\/xadrezfigueira.mfbpro.com\/?page_id=21#breadcrumb","itemListElement":[{"@type":"ListItem","position":1,"name":"Home","item":"https:\/\/xadrezfigueira.mfbpro.com\/"},{"@type":"ListItem","position":2,"name":"Regulamento"}]},{"@type":"WebSite","@id":"https:\/\/xadrezfigueira.mfbpro.com\/#website","url":"https:\/\/xadrezfigueira.mfbpro.com\/","name":"Festival Internacional de Xadrez da Figueira da Fox","description":"Site oficial do torneio","publisher":{"@id":"https:\/\/xadrezfigueira.mfbpro.com\/#organization"},"potentialAction":[{"@type":"SearchAction","target":{"@type":"EntryPoint","urlTemplate":"https:\/\/xadrezfigueira.mfbpro.com\/?s={search_term_string}"},"query-input":{"@type":"PropertyValueSpecification","valueRequired":true,"valueName":"search_term_string"}}],"inLanguage":"en"},{"@type":"Organization","@id":"https:\/\/xadrezfigueira.mfbpro.com\/#organization","name":"Assembleia Figueirense","url":"https:\/\/xadrezfigueira.mfbpro.com\/","logo":{"@type":"ImageObject","inLanguage":"en","@id":"https:\/\/xadrezfigueira.mfbpro.com\/#\/schema\/logo\/image\/","url":"https:\/\/xadrezfigueira.mfbpro.com\/wp-content\/uploads\/2023\/05\/FIDE-logo-2022-black-with-black-background.png","contentUrl":"https:\/\/xadrezfigueira.mfbpro.com\/wp-content\/uploads\/2023\/05\/FIDE-logo-2022-black-with-black-background.png","width":360,"height":360,"caption":"Assembleia Figueirense"},"image":{"@id":"https:\/\/xadrezfigueira.mfbpro.com\/#\/schema\/logo\/image\/"},"sameAs":["https:\/\/www.facebook.com\/miguel.babo.3"]}]}},"_links":{"self":[{"href":"https:\/\/xadrezfigueira.mfbpro.com\/index.php?rest_route=\/wp\/v2\/pages\/21"}],"collection":[{"href":"https:\/\/xadrezfigueira.mfbpro.com\/index.php?rest_route=\/wp\/v2\/pages"}],"about":[{"href":"https:\/\/xadrezfigueira.mfbpro.com\/index.php?rest_route=\/wp\/v2\/types\/page"}],"author":[{"embeddable":true,"href":"https:\/\/xadrezfigueira.mfbpro.com\/index.php?rest_route=\/wp\/v2\/users\/1"}],"replies":[{"embeddable":true,"href":"https:\/\/xadrezfigueira.mfbpro.com\/index.php?rest_route=%2Fwp%2Fv2%2Fcomments&post=21"}],"version-history":[{"count":63,"href":"https:\/\/xadrezfigueira.mfbpro.com\/index.php?rest_route=\/wp\/v2\/pages\/21\/revisions"}],"predecessor-version":[{"id":2443,"href":"https:\/\/xadrezfigueira.mfbpro.com\/index.php?rest_route=\/wp\/v2\/pages\/21\/revisions\/2443"}],"wp:attachment":[{"href":"https:\/\/xadrezfigueira.mfbpro.com\/index.php?rest_route=%2Fwp%2Fv2%2Fmedia&parent=21"}],"curies":[{"name":"wp","href":"https:\/\/api.w.org\/{rel}","templated":true}]}}