{"id":1832,"date":"2024-10-30T09:10:34","date_gmt":"2024-10-30T09:10:34","guid":{"rendered":"https:\/\/xadrezfigueira.mfbpro.com\/?page_id=1832"},"modified":"2025-11-15T17:11:30","modified_gmt":"2025-11-15T17:11:30","slug":"ronda-7","status":"publish","type":"page","link":"http:\/\/xadrezfigueira.mfbpro.com\/?page_id=1832","title":{"rendered":"Ronda 7"},"content":{"rendered":"\n<!DOCTYPE html>\n<html lang=\"pt-BR\">\n<head>\n    <meta charset=\"UTF-8\">\n    <meta name=\"viewport\" content=\"width=device-width, initial-scale=1.0\">\n    <title>Resultados da Ronda 1<\/title>\n    <style>\n        table {\n            width: 60%;\n            border-collapse: collapse;\n            margin: 20px auto;\n        }\n        table, th, td {\n            border: 1px solid black;\n            text-align: center;\n            padding: 10px;\n        }\n        th {\n            background-color: #f2f2f2;\n        }\n    <\/style>\n<\/head>\n<body>\n\n<h2 style=\"text-align: center;\">Resultados da Ronda 7<\/h2>\n\n<table id=\"tabela-resultados\">\n    <thead>\n        <tr>\n            <th>Mesa<\/th>\n            <th>Brancas<\/th>\n            <th>Pretas<\/th>\n            <th>Resultado<\/th>\n        <\/tr>\n    <\/thead>\n    <tbody>\n        <!-- Linhas da tabela ser\u00e3o geradas pelo JavaScript -->\n    <\/tbody>\n<\/table>\n\n<script>\n    \/\/ Dados dos resultados\n    const resultados =[\n    {\n    \"mesa\": 2,\n    \"brancas\": \"Bernadskiy, Vitaliy\",\n    \"pretas\": \"Rathanvel, V S\"\n  },\n  {\n    \"mesa\": 3,\n    \"brancas\": \"Harikrishnan.A.Ra,\",\n    \"pretas\": \"Psyk, Radoslaw\"\n  },\n  {\n    \"mesa\": 4,\n    \"brancas\": \"Alsina Leal, Daniel\",\n    \"pretas\": \"Sousa, Andre Ventura\"\n  },\n  {\n    \"mesa\": 5,\n    \"brancas\": \"Faryma, Matviy\",\n    \"pretas\": \"Petkov, Vladimir\"\n  },\n  {\n    \"mesa\": 6,\n    \"brancas\": \"Florstedt, Johannes\",\n    \"pretas\": \"Martins, Bruno Andre Leite\"\n  },\n  {\n    \"mesa\": 7,\n    \"brancas\": \"Maisuradze, Nino\",\n    \"pretas\": \"Povshednyi, Ivan\"\n  },\n  {\n    \"mesa\": 8,\n    \"brancas\": \"Muthaiah, Al\",\n    \"pretas\": \"Fiedorek, Michal\"\n  },\n  {\n    \"mesa\": 9,\n    \"brancas\": \"Ubilava, Elizbar\",\n    \"pretas\": \"Santos, Antonio P\"\n  },\n  {\n    \"mesa\": 10,\n    \"brancas\": \"Vassallo Barroche, Mauricio\",\n    \"pretas\": \"Nitin, S.\"\n  },\n  {\n    \"mesa\": 11,\n    \"brancas\": \"Balaji, Aaravamudhan\",\n    \"pretas\": \"Niedbala, Bartlomiej\"\n  },\n  {\n    \"mesa\": 12,\n    \"brancas\": \"Spraggett, Kevin\",\n    \"pretas\": \"Cordeiro, Joao Carlos Santos F\"\n  },\n  {\n    \"mesa\": 13,\n    \"brancas\": \"Morais, Miguel Almeida\",\n    \"pretas\": \"Farias, David Nuno M E\"\n  },\n  {\n    \"mesa\": 14,\n    \"brancas\": \"Torres Dominguez, David\",\n    \"pretas\": \"Elissalt Cardenas, Hector\"\n  },\n  {\n    \"mesa\": 15,\n    \"brancas\": \"Hryzlova, Sofiia\",\n    \"pretas\": \"Fernandes, Ricardo Paulos\"\n  },\n  {\n    \"mesa\": 16,\n    \"brancas\": \"Romanishin, Oleg M\",\n    \"pretas\": \"Silva, Mariana\"\n  },\n  {\n    \"mesa\": 17,\n    \"brancas\": \"Dinis De Sousa, Joao\",\n    \"pretas\": \"Pniaczek, Marek\"\n  },\n  {\n    \"mesa\": 18,\n    \"brancas\": \"Amaro, Goncalo Ferreira\",\n    \"pretas\": \"Junior, Domingos\"\n  },\n  {\n    \"mesa\": 19,\n    \"brancas\": \"Krasovskiy, Kirill\",\n    \"pretas\": \"Ledas, Armandas\"\n  },\n  {\n    \"mesa\": 20,\n    \"brancas\": \"Pintor, Simao\",\n    \"pretas\": \"Santos, Joao Carlos Martins\"\n  },\n  {\n    \"mesa\": 21,\n    \"brancas\": \"Duque, Raquel Dos Santos\",\n    \"pretas\": \"Sarabando, Rodrigo Andias\"\n  },\n  {\n    \"mesa\": 22,\n    \"brancas\": \"Pablo Mari, Alejandro\",\n    \"pretas\": \"Massarotto, Dieferson Flori\"\n  },\n  {\n    \"mesa\": 23,\n    \"brancas\": \"Faryma, Maksym\",\n    \"pretas\": \"Adams, Philip\"\n  },\n  {\n    \"mesa\": 24,\n    \"brancas\": \"Julio, Rocha Miguel\",\n    \"pretas\": \"Godinho Marques, Pedro\"\n  },\n  {\n    \"mesa\": 25,\n    \"brancas\": \"Ferreira, Eduardo Jose\",\n    \"pretas\": \"De Oliveira, Jairo Quintiliano\"\n  },\n  {\n    \"mesa\": 26,\n    \"brancas\": \"Pinho, Fernando\",\n    \"pretas\": \"Mata, Adilson\"\n  },\n  {\n    \"mesa\": 27,\n    \"brancas\": \"Bunga, Avelino\",\n    \"pretas\": \"Guerreiro, Nuno\"\n  },\n  {\n    \"mesa\": 28,\n    \"brancas\": \"Ribeiro, Fernando\",\n    \"pretas\": \"Neto, Dinis Fonseca\"\n  },\n  {\n    \"mesa\": 29,\n    \"brancas\": \"Delgado Serrano, Angel\",\n    \"pretas\": \"Roque, Armando Filipe\"\n  },\n  {\n    \"mesa\": 30,\n    \"brancas\": \"Silva, Daniel\",\n    \"pretas\": \"Zapata Campos, Lidia Karen\"\n  },\n  {\n    \"mesa\": 31,\n    \"brancas\": \"Rosmait, Emily\",\n    \"pretas\": \"Ermida, Ricardo\"\n  },\n  {\n    \"mesa\": 32,\n    \"brancas\": \"Segura Del Frago, Imanol\",\n    \"pretas\": \"Montenegro, Matias\"\n  },\n  {\n    \"mesa\": 33,\n    \"brancas\": \"Cruz, Francisco Manuel Nunes M.\",\n    \"pretas\": \"Barros, Luis\"\n  },\n  {\n    \"mesa\": 34,\n    \"brancas\": \"Correia, Pedro Mourao Soares\",\n    \"pretas\": \"Lameirinhas, Paulo Jorge Veloso\"\n  },\n  {\n    \"mesa\": 35,\n    \"brancas\": \"Coelho, Jorge Manuel\",\n    \"pretas\": \"Montes Mayo, Juan Jose\"\n  },\n  {\n    \"mesa\": 36,\n    \"brancas\": \"Sousa, Joao Francisco Silva\",\n    \"pretas\": \"Abilbek, Azamat\"\n  },\n  {\n    \"mesa\": 37,\n    \"brancas\": \"Junior, Ednasia\",\n    \"pretas\": \"Mendes, Joao Rui\"\n  },\n  {\n    \"mesa\": 38,\n    \"brancas\": \"Mateus, Pedro\",\n    \"pretas\": \"Fonseca, Pedro Miguel Ramos\"\n  },\n  {\n    \"mesa\": 39,\n    \"brancas\": \"Morais, Vitor\",\n    \"pretas\": \"Khiali, Vahid\"\n  },\n  {\n    \"mesa\": 40,\n    \"brancas\": \"Pickwick, Samuel Louis Peter\",\n    \"pretas\": \"Bouxo, Luis Antonio Maximino\"\n  },\n  {\n    \"mesa\": 41,\n    \"brancas\": \"Biajoli, Lucas\",\n    \"pretas\": \"Goncalves, Antonio Guilherme\"\n  },\n  {\n    \"mesa\": 42,\n    \"brancas\": \"Rosa, Rafael\",\n    \"pretas\": \"Vidigal, Bernardo\"\n  },\n  {\n    \"mesa\": 43,\n    \"brancas\": \"Junior, Aguinaldo Vera Cruz\",\n    \"pretas\": \"Silva, Rui Manuel De Almeida\"\n  },\n  {\n    \"mesa\": 44,\n    \"brancas\": \"Dias, Jose Oliveira Gaspar\",\n    \"pretas\": \"Sharma, Harshit\"\n  },\n  {\n    \"mesa\": 45,\n    \"brancas\": \"Gasalho, Mario Da Conceicao N\",\n    \"pretas\": \"bye\"\n  },\n  {\n    \"mesa\": 46,\n    \"brancas\": \"Galego, Luis\",\n    \"pretas\": \"n o emparceirado\"\n  },\n  {\n    \"mesa\": 47,\n    \"brancas\": \"Goncalves, Lucas Jordao\",\n    \"pretas\": \"n o emparceirado\"\n  },\n  {\n    \"mesa\": 48,\n    \"brancas\": \"Silva, Tiago Alexandre Pinho D\",\n    \"pretas\": \"n o emparceirado\"\n  },\n  {\n    \"mesa\": 49,\n    \"brancas\": \"Sampaio, Dinis\",\n    \"pretas\": \"n o emparceirado\"\n  },\n  {\n    \"mesa\": 50,\n    \"brancas\": \"Rodriguez, Rene Quispe\",\n    \"pretas\": \"n o emparceirado\"\n  },\n  {\n    \"mesa\": 51,\n    \"brancas\": \"Nandy, Satyaki\",\n    \"pretas\": \"n o emparceirado\"\n  }\n];\n\n    \/\/ Fun\u00e7\u00e3o para carregar e exibir a tabela\n    function carregarTabela() {\n        const tbody = document.getElementById(\"tabela-resultados\").querySelector(\"tbody\");\n\n        resultados.forEach(jogo => {\n            const row = document.createElement(\"tr\");\n            row.innerHTML = `\n                <td>${jogo.mesa}<\/td>\n                <td>${jogo.brancas}<\/td>\n                <td>${jogo.pretas}<\/td>\n                <td>${jogo.resultado}<\/td>\n            `;\n            tbody.appendChild(row);\n        });\n    }\n\n    \/\/ Chama a fun\u00e7\u00e3o para carregar a tabela ao carregar a p\u00e1gina\n    carregarTabela();\n<\/script>\n\n<\/body>\n<\/html>\n","protected":false},"excerpt":{"rendered":"<p>Resultados da Ronda 1 Resultados da Ronda 7 Mesa Brancas Pretas Resultado<\/p>\n","protected":false},"author":1,"featured_media":0,"parent":1582,"menu_order":7,"comment_status":"closed","ping_status":"closed","template":"","meta":{"footnotes":""},"yoast_head":"<!-- This site is optimized with the Yoast SEO Premium plugin v23.7 (Yoast SEO v23.7) - https:\/\/yoast.com\/wordpress\/plugins\/seo\/ -->\n<title>Ronda 7 - Festival de Xadrez da Figueira da Foz - &quot;Tournament is financially supported by FIDE Open Aid Project&quot;<\/title>\n<meta name=\"robots\" content=\"index, follow, max-snippet:-1, max-image-preview:large, max-video-preview:-1\" \/>\n<link rel=\"canonical\" href=\"http:\/\/xadrezfigueira.mfbpro.com\/?page_id=1832\" \/>\n<meta property=\"og:locale\" content=\"en_US\" \/>\n<meta property=\"og:type\" content=\"article\" \/>\n<meta property=\"og:title\" content=\"Ronda 7\" \/>\n<meta property=\"og:description\" content=\"Resultados da Ronda 1 Resultados da Ronda 7 Mesa Brancas Pretas Resultado\" \/>\n<meta property=\"og:url\" content=\"http:\/\/xadrezfigueira.mfbpro.com\/?page_id=1832\" \/>\n<meta property=\"og:site_name\" content=\"Festival de Xadrez da Figueira da Foz - &quot;Tournament is financially supported by FIDE Open Aid Project&quot;\" \/>\n<meta property=\"article:publisher\" content=\"https:\/\/www.facebook.com\/miguel.babo.3\" \/>\n<meta property=\"article:modified_time\" content=\"2025-11-15T17:11:30+00:00\" \/>\n<meta name=\"twitter:card\" content=\"summary_large_image\" \/>\n<meta name=\"twitter:label1\" content=\"Est. reading time\" \/>\n\t<meta name=\"twitter:data1\" content=\"1 minute\" \/>\n<script type=\"application\/ld+json\" class=\"yoast-schema-graph\">{\"@context\":\"https:\/\/schema.org\",\"@graph\":[{\"@type\":\"WebPage\",\"@id\":\"http:\/\/xadrezfigueira.mfbpro.com\/?page_id=1832\",\"url\":\"http:\/\/xadrezfigueira.mfbpro.com\/?page_id=1832\",\"name\":\"Ronda 7 - Festival de Xadrez da Figueira da Foz - &quot;Tournament is financially supported by FIDE Open Aid Project&quot;\",\"isPartOf\":{\"@id\":\"https:\/\/xadrezfigueira.mfbpro.com\/#website\"},\"datePublished\":\"2024-10-30T09:10:34+00:00\",\"dateModified\":\"2025-11-15T17:11:30+00:00\",\"breadcrumb\":{\"@id\":\"http:\/\/xadrezfigueira.mfbpro.com\/?page_id=1832#breadcrumb\"},\"inLanguage\":\"en\",\"potentialAction\":[{\"@type\":\"ReadAction\",\"target\":[\"http:\/\/xadrezfigueira.mfbpro.com\/?page_id=1832\"]}]},{\"@type\":\"BreadcrumbList\",\"@id\":\"http:\/\/xadrezfigueira.mfbpro.com\/?page_id=1832#breadcrumb\",\"itemListElement\":[{\"@type\":\"ListItem\",\"position\":1,\"name\":\"Home\",\"item\":\"https:\/\/xadrezfigueira.mfbpro.com\/\"},{\"@type\":\"ListItem\",\"position\":2,\"name\":\"Resultados 2025\",\"item\":\"http:\/\/xadrezfigueira.mfbpro.com\/?page_id=1582\"},{\"@type\":\"ListItem\",\"position\":3,\"name\":\"Ronda 7\"}]},{\"@type\":\"WebSite\",\"@id\":\"https:\/\/xadrezfigueira.mfbpro.com\/#website\",\"url\":\"https:\/\/xadrezfigueira.mfbpro.com\/\",\"name\":\"Festival Internacional de Xadrez da Figueira da Fox\",\"description\":\"Site oficial do torneio\",\"publisher\":{\"@id\":\"https:\/\/xadrezfigueira.mfbpro.com\/#organization\"},\"potentialAction\":[{\"@type\":\"SearchAction\",\"target\":{\"@type\":\"EntryPoint\",\"urlTemplate\":\"https:\/\/xadrezfigueira.mfbpro.com\/?s={search_term_string}\"},\"query-input\":{\"@type\":\"PropertyValueSpecification\",\"valueRequired\":true,\"valueName\":\"search_term_string\"}}],\"inLanguage\":\"en\"},{\"@type\":\"Organization\",\"@id\":\"https:\/\/xadrezfigueira.mfbpro.com\/#organization\",\"name\":\"Assembleia Figueirense\",\"url\":\"https:\/\/xadrezfigueira.mfbpro.com\/\",\"logo\":{\"@type\":\"ImageObject\",\"inLanguage\":\"en\",\"@id\":\"https:\/\/xadrezfigueira.mfbpro.com\/#\/schema\/logo\/image\/\",\"url\":\"https:\/\/xadrezfigueira.mfbpro.com\/wp-content\/uploads\/2023\/05\/FIDE-logo-2022-black-with-black-background.png\",\"contentUrl\":\"https:\/\/xadrezfigueira.mfbpro.com\/wp-content\/uploads\/2023\/05\/FIDE-logo-2022-black-with-black-background.png\",\"width\":360,\"height\":360,\"caption\":\"Assembleia Figueirense\"},\"image\":{\"@id\":\"https:\/\/xadrezfigueira.mfbpro.com\/#\/schema\/logo\/image\/\"},\"sameAs\":[\"https:\/\/www.facebook.com\/miguel.babo.3\"]}]}<\/script>\n<!-- \/ Yoast SEO Premium plugin. -->","yoast_head_json":{"title":"Ronda 7 - Festival de Xadrez da Figueira da Foz - &quot;Tournament is financially supported by FIDE Open Aid Project&quot;","robots":{"index":"index","follow":"follow","max-snippet":"max-snippet:-1","max-image-preview":"max-image-preview:large","max-video-preview":"max-video-preview:-1"},"canonical":"http:\/\/xadrezfigueira.mfbpro.com\/?page_id=1832","og_locale":"en_US","og_type":"article","og_title":"Ronda 7","og_description":"Resultados da Ronda 1 Resultados da Ronda 7 Mesa Brancas Pretas Resultado","og_url":"http:\/\/xadrezfigueira.mfbpro.com\/?page_id=1832","og_site_name":"Festival de Xadrez da Figueira da Foz - &quot;Tournament is financially supported by FIDE Open Aid Project&quot;","article_publisher":"https:\/\/www.facebook.com\/miguel.babo.3","article_modified_time":"2025-11-15T17:11:30+00:00","twitter_card":"summary_large_image","twitter_misc":{"Est. reading time":"1 minute"},"schema":{"@context":"https:\/\/schema.org","@graph":[{"@type":"WebPage","@id":"http:\/\/xadrezfigueira.mfbpro.com\/?page_id=1832","url":"http:\/\/xadrezfigueira.mfbpro.com\/?page_id=1832","name":"Ronda 7 - Festival de Xadrez da Figueira da Foz - &quot;Tournament is financially supported by FIDE Open Aid Project&quot;","isPartOf":{"@id":"https:\/\/xadrezfigueira.mfbpro.com\/#website"},"datePublished":"2024-10-30T09:10:34+00:00","dateModified":"2025-11-15T17:11:30+00:00","breadcrumb":{"@id":"http:\/\/xadrezfigueira.mfbpro.com\/?page_id=1832#breadcrumb"},"inLanguage":"en","potentialAction":[{"@type":"ReadAction","target":["http:\/\/xadrezfigueira.mfbpro.com\/?page_id=1832"]}]},{"@type":"BreadcrumbList","@id":"http:\/\/xadrezfigueira.mfbpro.com\/?page_id=1832#breadcrumb","itemListElement":[{"@type":"ListItem","position":1,"name":"Home","item":"https:\/\/xadrezfigueira.mfbpro.com\/"},{"@type":"ListItem","position":2,"name":"Resultados 2025","item":"http:\/\/xadrezfigueira.mfbpro.com\/?page_id=1582"},{"@type":"ListItem","position":3,"name":"Ronda 7"}]},{"@type":"WebSite","@id":"https:\/\/xadrezfigueira.mfbpro.com\/#website","url":"https:\/\/xadrezfigueira.mfbpro.com\/","name":"Festival Internacional de Xadrez da Figueira da Fox","description":"Site oficial do torneio","publisher":{"@id":"https:\/\/xadrezfigueira.mfbpro.com\/#organization"},"potentialAction":[{"@type":"SearchAction","target":{"@type":"EntryPoint","urlTemplate":"https:\/\/xadrezfigueira.mfbpro.com\/?s={search_term_string}"},"query-input":{"@type":"PropertyValueSpecification","valueRequired":true,"valueName":"search_term_string"}}],"inLanguage":"en"},{"@type":"Organization","@id":"https:\/\/xadrezfigueira.mfbpro.com\/#organization","name":"Assembleia Figueirense","url":"https:\/\/xadrezfigueira.mfbpro.com\/","logo":{"@type":"ImageObject","inLanguage":"en","@id":"https:\/\/xadrezfigueira.mfbpro.com\/#\/schema\/logo\/image\/","url":"https:\/\/xadrezfigueira.mfbpro.com\/wp-content\/uploads\/2023\/05\/FIDE-logo-2022-black-with-black-background.png","contentUrl":"https:\/\/xadrezfigueira.mfbpro.com\/wp-content\/uploads\/2023\/05\/FIDE-logo-2022-black-with-black-background.png","width":360,"height":360,"caption":"Assembleia Figueirense"},"image":{"@id":"https:\/\/xadrezfigueira.mfbpro.com\/#\/schema\/logo\/image\/"},"sameAs":["https:\/\/www.facebook.com\/miguel.babo.3"]}]}},"_links":{"self":[{"href":"http:\/\/xadrezfigueira.mfbpro.com\/index.php?rest_route=\/wp\/v2\/pages\/1832"}],"collection":[{"href":"http:\/\/xadrezfigueira.mfbpro.com\/index.php?rest_route=\/wp\/v2\/pages"}],"about":[{"href":"http:\/\/xadrezfigueira.mfbpro.com\/index.php?rest_route=\/wp\/v2\/types\/page"}],"author":[{"embeddable":true,"href":"http:\/\/xadrezfigueira.mfbpro.com\/index.php?rest_route=\/wp\/v2\/users\/1"}],"replies":[{"embeddable":true,"href":"http:\/\/xadrezfigueira.mfbpro.com\/index.php?rest_route=%2Fwp%2Fv2%2Fcomments&post=1832"}],"version-history":[{"count":10,"href":"http:\/\/xadrezfigueira.mfbpro.com\/index.php?rest_route=\/wp\/v2\/pages\/1832\/revisions"}],"predecessor-version":[{"id":2538,"href":"http:\/\/xadrezfigueira.mfbpro.com\/index.php?rest_route=\/wp\/v2\/pages\/1832\/revisions\/2538"}],"up":[{"embeddable":true,"href":"http:\/\/xadrezfigueira.mfbpro.com\/index.php?rest_route=\/wp\/v2\/pages\/1582"}],"wp:attachment":[{"href":"http:\/\/xadrezfigueira.mfbpro.com\/index.php?rest_route=%2Fwp%2Fv2%2Fmedia&parent=1832"}],"curies":[{"name":"wp","href":"https:\/\/api.w.org\/{rel}","templated":true}]}}